{"id":1767,"date":"2018-03-09T12:26:19","date_gmt":"2018-03-09T18:26:19","guid":{"rendered":"http:\/\/plasoliva.com\/politica-de-cookies\/"},"modified":"2019-09-17T14:50:54","modified_gmt":"2019-09-17T12:50:54","slug":"cookies-richtlinien","status":"publish","type":"page","link":"https:\/\/plasoliva.com\/de\/cookies-richtlinien\/","title":{"rendered":"Cookies-Richtlinien"},"content":{"rendered":"<h1>Cookies-Richtlinien<\/h1>\n<p>Ein Cookie ist eine kleine Textdatei, die in Ihrem Browser gespeichert wird, wenn Sie fast jede Website besuchen. Sein Nutzen ist, dass das Web in der Lage ist, sich an Ihren Besuch zu erinnern, wenn Sie zur\u00fcckkehren, um diese Seite zu durchsuchen. Cookies speichern in der Regel technische Informationen, pers\u00f6nliche Pr\u00e4ferenzen, Inhaltspersonalisierung, Nutzungsstatistiken, Links zu sozialen Netzwerken, Zugriff auf Benutzerkonten und so weiter. Der Zweck des Cookies ist es, den Inhalt der Website an Ihr Profil und Ihre Bed\u00fcrfnisse anzupassen, ohne Cookies w\u00fcrden die von jeder Seite angebotenen Dienste erheblich reduziert. Wenn Sie weitere Informationen dar\u00fcber einsehen m\u00f6chten, was Cookies sind, was sie speichern, wie Sie sie l\u00f6schen, deaktivieren usw., besuchen <a href=\"http:\/\/plasoliva.com\/mas-informacion-sobre-las-cookies\/\" target=\"_blank\" rel=\"noopener\">Sie bitte diesen Link.<\/a><\/p>\n<h2>Auf dieser Website verwendete Cookies<\/h2>\n<p>In \u00dcbereinstimmung mit den Richtlinien der spanischen Datenschutzbeh\u00f6rde gehen wir vor, um die Verwendung von Cookies dieser Website zu detaillieren, um Sie so genau wie m\u00f6glich zu informieren.<\/p>\n<p>Diese Website verwendet die folgenden eigenen Cookies:<\/p>\n<ul>\n<li>Session-Cookies, um sicherzustellen, dass Benutzer, die Kommentare in den Blog schreiben, menschliche und keine automatisierten Anwendungen sind. Auf diese Weise wird Spam bek\u00e4mpft.<\/li>\n<\/ul>\n<p>Diese Website verwendet die folgenden Cookies von Drittanbietern:<\/p>\n<ul>\n<li>Google Analytics: Speichert Cookies, um Statistiken \u00fcber den Traffic und die Anzahl der Besuche auf dieser Website zu erstellen. Durch die Nutzung dieser Website erkl\u00e4ren Sie sich mit der Bearbeitung der \u00fcber Sie erhobenen Daten durch Google einverstanden. Sie sollten daher Ihr Recht dazu aus\u00fcben, indem Sie sich direkt an Google wenden.<\/li>\n<li>Soziale Netzwerke: Jedes soziale Netzwerk verwendet seine eigenen Cookies, so dass Sie auf Buttons wie Like oder Share klicken k\u00f6nnen.<\/li>\n<\/ul>\n<h2>Deaktivieren oder L\u00f6schen von Cookies<\/h2>\n<p>Sie k\u00f6nnen von Ihrem Recht Gebrauch machen, Cookies von dieser Website jederzeit zu deaktivieren oder zu l\u00f6schen. Diese Aktionen werden je nach verwendetem Browser unterschiedlich durchgef\u00fchrt. <a href=\"http:\/\/plasoliva.com\/mas-informacion-sobre-las-cookies\/#navegadores\" target=\"_blank\" rel=\"noopener\">Hier ist eine Kurzanleitung zu den beliebtesten Browsern.<\/a><\/p>\n<h2>Zus\u00e4tzliche Hinweise<\/h2>\n<ul>\n<li>Weder diese Website noch ihre gesetzlichen Vertreter sind f\u00fcr den Inhalt oder die Richtigkeit der Datenschutzrichtlinien verantwortlich, die von Dritten in dieser Cookie-Richtlinie erw\u00e4hnt werden.<\/li>\n<li>Webbrowser sind die Werkzeuge, die f\u00fcr das Speichern von Cookies verantwortlich sind, und von dieser Website aus m\u00fcssen Sie von Ihrem Recht Gebrauch machen, sie zu l\u00f6schen oder zu deaktivieren. Weder diese Website noch ihre gesetzlichen Vertreter k\u00f6nnen die korrekte oder fehlerhafte Handhabung von Cookies durch die oben genannten Browser garantieren.<\/li>\n<li>In einigen F\u00e4llen ist es notwendig, Cookies zu installieren, damit der Browser seine Entscheidung, sie nicht zu akzeptieren, nicht vergisst.<\/li>\n<li>Im Falle von Google Analytics-Cookies speichert Google Analytics die Cookies auf Servern in den USA und verpflichtet sich, sie nicht an Dritte weiterzugeben, es sei denn, dies ist f\u00fcr das Funktionieren des Systems erforderlich oder gesetzlich vorgeschrieben. Laut Google wird in diesem Fall Ihre IP-Adresse nicht gespeichert. Google Inc. ist ein Unternehmen, dass sich an die Safe Harbor-Vereinbarung h\u00e4lt, die garantiert, dass alle \u00fcbermittelten Daten in \u00dcbereinstimmung mit der europ\u00e4ischen Gesetzgebung mit einem gewissen Schutzniveau behandelt werden. Detaillierte Informationen zu diesem Thema finden Sie unter <a href=\"http:\/\/safeharbor.export.gov\/companyinfo.aspx?id=16626\" target=\"_blank\" rel=\"noopener\">diesem Link<\/a>. Wenn Sie wissen m\u00f6chten, wie Google Cookies verwendet, folgen <a href=\"https:\/\/developers.google.com\/analytics\/devguides\/collection\/analyticsjs\/cookie-usage?hl=es&amp;csw=1\" target=\"_blank\" rel=\"noopener\">Sie bitte diesem Link.<\/a><\/li>\n<li>Bei Fragen oder Unklarheiten zu dieser Cookie-Richtlinie z\u00f6gern Sie bitte nicht, uns \u00fcber den Kontaktbereich zu kontaktieren.<\/li>\n<\/ul>\n","protected":false},"excerpt":{"rendered":"<p>Cookies-Richtlinien Ein Cookie ist eine kleine Textdatei, die in Ihrem Browser gespeichert wird, wenn Sie fast jede Website besuchen. Sein Nutzen &#8230;<\/p>\n","protected":false},"author":1,"featured_media":0,"parent":0,"menu_order":0,"comment_status":"closed","ping_status":"closed","template":"","meta":{"footnotes":""},"class_list":["post-1767","page","type-page","status-publish","hentry"],"yoast_head":"<!-- This site is optimized with the Yoast SEO plugin v24.7 - https:\/\/yoast.com\/wordpress\/plugins\/seo\/ -->\r\n<title>Cookies-Richtlinien - Plasoliva | Aceitunas de mesa<\/title>\r\n<meta name=\"robots\" content=\"index, follow, max-snippet:-1, max-image-preview:large, max-video-preview:-1\" \/>\r\n<link rel=\"canonical\" href=\"https:\/\/plasoliva.com\/de\/politica-de-cookies\/\" \/>\r\n<meta property=\"og:locale\" content=\"de_DE\" \/>\r\n<meta property=\"og:type\" content=\"article\" \/>\r\n<meta property=\"og:title\" content=\"Cookies-Richtlinien - Plasoliva | Aceitunas de mesa\" \/>\r\n<meta property=\"og:description\" content=\"Cookies-Richtlinien Ein Cookie ist eine kleine Textdatei, die in Ihrem Browser gespeichert wird, wenn Sie fast jede Website besuchen. Sein Nutzen ...\" \/>\r\n<meta property=\"og:url\" content=\"https:\/\/plasoliva.com\/politica-de-cookies\/\" \/>\r\n<meta property=\"og:site_name\" content=\"Plasoliva | Aceitunas de mesa\" \/>\r\n<meta property=\"article:modified_time\" content=\"2019-09-17T12:50:54+00:00\" \/>\r\n<meta name=\"twitter:card\" content=\"summary_large_image\" \/>\r\n<meta name=\"twitter:label1\" content=\"Gesch\u00e4tzte Lesezeit\" \/>\n\t<meta name=\"twitter:data1\" content=\"3\u00a0Minuten\" \/>\r\n<script type=\"application\/ld+json\" class=\"yoast-schema-graph\">{\"@context\":\"https:\/\/schema.org\",\"@graph\":[{\"@type\":\"WebPage\",\"@id\":\"https:\/\/plasoliva.com\/politica-de-cookies\/\",\"url\":\"https:\/\/plasoliva.com\/politica-de-cookies\/\",\"name\":\"Cookies-Richtlinien - Plasoliva | Aceitunas de mesa\",\"isPartOf\":{\"@id\":\"https:\/\/plasoliva.com\/#website\"},\"datePublished\":\"2018-03-09T18:26:19+00:00\",\"dateModified\":\"2019-09-17T12:50:54+00:00\",\"breadcrumb\":{\"@id\":\"https:\/\/plasoliva.com\/politica-de-cookies\/#breadcrumb\"},\"inLanguage\":\"de\",\"potentialAction\":[{\"@type\":\"ReadAction\",\"target\":[\"https:\/\/plasoliva.com\/politica-de-cookies\/\"]}]},{\"@type\":\"BreadcrumbList\",\"@id\":\"https:\/\/plasoliva.com\/politica-de-cookies\/#breadcrumb\",\"itemListElement\":[{\"@type\":\"ListItem\",\"position\":1,\"name\":\"Portada\",\"item\":\"https:\/\/plasoliva.com\/\"},{\"@type\":\"ListItem\",\"position\":2,\"name\":\"Cookies-Richtlinien\"}]},{\"@type\":\"WebSite\",\"@id\":\"https:\/\/plasoliva.com\/#website\",\"url\":\"https:\/\/plasoliva.com\/\",\"name\":\"Plasoliva | Aceitunas de mesa\",\"description\":\"Envasadora y comercializadora de aceitunas de mesa manzanilla cacere\u00f1a.\",\"potentialAction\":[{\"@type\":\"SearchAction\",\"target\":{\"@type\":\"EntryPoint\",\"urlTemplate\":\"https:\/\/plasoliva.com\/?s={search_term_string}\"},\"query-input\":{\"@type\":\"PropertyValueSpecification\",\"valueRequired\":true,\"valueName\":\"search_term_string\"}}],\"inLanguage\":\"de\"}]}<\/script>\r\n<!-- \/ Yoast SEO plugin. -->","yoast_head_json":{"title":"Cookies-Richtlinien - Plasoliva | Aceitunas de mesa","robots":{"index":"index","follow":"follow","max-snippet":"max-snippet:-1","max-image-preview":"max-image-preview:large","max-video-preview":"max-video-preview:-1"},"canonical":"https:\/\/plasoliva.com\/de\/politica-de-cookies\/","og_locale":"de_DE","og_type":"article","og_title":"Cookies-Richtlinien - Plasoliva | Aceitunas de mesa","og_description":"Cookies-Richtlinien Ein Cookie ist eine kleine Textdatei, die in Ihrem Browser gespeichert wird, wenn Sie fast jede Website besuchen. Sein Nutzen ...","og_url":"https:\/\/plasoliva.com\/politica-de-cookies\/","og_site_name":"Plasoliva | Aceitunas de mesa","article_modified_time":"2019-09-17T12:50:54+00:00","twitter_card":"summary_large_image","twitter_misc":{"Gesch\u00e4tzte Lesezeit":"3\u00a0Minuten"},"schema":{"@context":"https:\/\/schema.org","@graph":[{"@type":"WebPage","@id":"https:\/\/plasoliva.com\/politica-de-cookies\/","url":"https:\/\/plasoliva.com\/politica-de-cookies\/","name":"Cookies-Richtlinien - Plasoliva | Aceitunas de mesa","isPartOf":{"@id":"https:\/\/plasoliva.com\/#website"},"datePublished":"2018-03-09T18:26:19+00:00","dateModified":"2019-09-17T12:50:54+00:00","breadcrumb":{"@id":"https:\/\/plasoliva.com\/politica-de-cookies\/#breadcrumb"},"inLanguage":"de","potentialAction":[{"@type":"ReadAction","target":["https:\/\/plasoliva.com\/politica-de-cookies\/"]}]},{"@type":"BreadcrumbList","@id":"https:\/\/plasoliva.com\/politica-de-cookies\/#breadcrumb","itemListElement":[{"@type":"ListItem","position":1,"name":"Portada","item":"https:\/\/plasoliva.com\/"},{"@type":"ListItem","position":2,"name":"Cookies-Richtlinien"}]},{"@type":"WebSite","@id":"https:\/\/plasoliva.com\/#website","url":"https:\/\/plasoliva.com\/","name":"Plasoliva | Aceitunas de mesa","description":"Envasadora y comercializadora de aceitunas de mesa manzanilla cacere\u00f1a.","potentialAction":[{"@type":"SearchAction","target":{"@type":"EntryPoint","urlTemplate":"https:\/\/plasoliva.com\/?s={search_term_string}"},"query-input":{"@type":"PropertyValueSpecification","valueRequired":true,"valueName":"search_term_string"}}],"inLanguage":"de"}]}},"_links":{"self":[{"href":"https:\/\/plasoliva.com\/de\/wp-json\/wp\/v2\/pages\/1767\/"}],"collection":[{"href":"https:\/\/plasoliva.com\/de\/wp-json\/wp\/v2\/pages\/"}],"about":[{"href":"https:\/\/plasoliva.com\/de\/wp-json\/wp\/v2\/types\/page\/"}],"author":[{"embeddable":true,"href":"https:\/\/plasoliva.com\/de\/wp-json\/wp\/v2\/users\/1\/"}],"replies":[{"embeddable":true,"href":"https:\/\/plasoliva.com\/de\/wp-json\/wp\/v2\/comments\/?post=1767"}],"version-history":[{"count":2,"href":"https:\/\/plasoliva.com\/de\/wp-json\/wp\/v2\/pages\/1767\/revisions\/"}],"predecessor-version":[{"id":1770,"href":"https:\/\/plasoliva.com\/de\/wp-json\/wp\/v2\/pages\/1767\/revisions\/1770\/"}],"wp:attachment":[{"href":"https:\/\/plasoliva.com\/de\/wp-json\/wp\/v2\/media\/?parent=1767"}],"curies":[{"name":"wp","href":"https:\/\/api.w.org\/{rel}","templated":true}]}}