{"id":1758,"date":"2018-09-22T16:28:21","date_gmt":"2018-09-22T14:28:21","guid":{"rendered":"http:\/\/plasoliva.com\/legal\/"},"modified":"2019-09-17T13:05:21","modified_gmt":"2019-09-17T11:05:21","slug":"legal","status":"publish","type":"page","link":"https:\/\/plasoliva.com\/de\/legal\/","title":{"rendered":"Rechtliche hinweise und datenschutzbestimmungen"},"content":{"rendered":"<h1>RECHTLICHE HINWEISE<\/h1>\n<p>&nbsp;<\/p>\n<h2>ALLGEMEINES:<\/h2>\n<p>Diese Website wurde entwickelt, um die von PLASOLIVA, S.L, CTRA angebotenen Dienstleistungen zu ver\u00f6ffentlichen. DE SAN MARTIN DE TREVEJO A ELJAS, S\/N, de ELJAS, Provinz CACERES, mit Postleitzahl 10891, Spanien; sowie f\u00fcr die Kontaktaufnahme von m\u00f6glichen Kunden, Gesch\u00e4ftskontakten und Stellensuchenden.<\/p>\n<h2>URHEBER UND KENNZEICHENRECHT<\/h2>\n<p>Die geistigen Eigentumsrechte an der Seite, ihrem Design, ihren Navigationsstrukturen und den verschiedenen darin enthaltenen Elementen sind Eigentum von PLASOLIVA, S.L., die das Recht hat, die Rechte zu ihrer Nutzung in jeglicher Form ausschlie\u00dflich auszu\u00fcben, insbesondere die Rechte zur Vervielf\u00e4ltigung, Verbreitung, Ver\u00f6ffentlichung, Kommunikation und Ver\u00e4nderungen, gem\u00e4\u00df den geltenden Rechtsvorschriften Spaniens und der Europ\u00e4ischen Union.<\/p>\n<p>Die Website von PLASOLIVA, S.L., alle Inhalte und die darin enthaltenen Informationen oder Elemente, Texte, Dokumente, Fotos, Zeichnungen, grafische Darstellungen, Computerprogramme sowie Logos, Marken, Handelsnamen oder andere markante Zeichen sind durch geistige oder gewerbliche Eigentumsrechte gesch\u00fctzt, deren Eigent\u00fcmer oder legitimer Lizenznehmer PLASOLIVA, S.L. ist.<\/p>\n<h2>INHALT:<\/h2>\n<p>\u00dcber diese Website werden Informationen \u00fcber Dienstleistungen bereitgestellt, die f\u00fcr die \u00d6ffentlichkeit bestimmt sind, die in jedem Fall den jeweils ausdr\u00fccklich aufgef\u00fchrten Bedingungen unterliegen und die \u00fcber diese Website zug\u00e4nglich sind, die den verschiedenen geltenden Rechtsvorschriften unterliegen.<\/p>\n<h2 align=\"JUSTIFY\">ZUGANG UND NUTZUNG:<\/h2>\n<p>Der Zugang zu dieser Website, sowie die Nutzung der darin enthaltenen Information und Inhalte, liegt in der alleinigen Verantwortung der Person, die sie durchf\u00fchrt.<\/p>\n<p>Die Zugangsbedingungen zu dieser Website unterliegen der geltenden Gesetzgebung und den Grunds\u00e4tzen von Treu und Glauben und rechtm\u00e4\u00dfiger Nutzung durch den Nutzer, und jede Art von Handlungen zum Nachteil von PLASOLIVA, S.L. ist generell verboten.<\/p>\n<p>Die Nutzung dieser Website f\u00fcr illegale oder nicht autorisierte Zwecke ist strengstens untersagt.<\/p>\n<p>Jede Form der Nutzung, einschlie\u00dflich jeglicher Art der Vervielf\u00e4ltigung, Verbreitung, Abtretung an Dritte, der \u00f6ffentlichen Kommunikation und der \u00c4nderung der vorgenannten Werke, Kreationen und Unterscheidungsmerkmale durch beliebige Medien, ohne vorherige ausdr\u00fcckliche Genehmigung ihrer jeweiligen Eigent\u00fcmer, ist verboten. Die Nichteinhaltung dieses Verbots kann eine nach geltendem Recht strafbare Verletzung darstellen.<\/p>\n<p>Die Nutzer k\u00f6nnen jedoch auf eigene Gefahr Kopien dieser Elemente ausschlie\u00dflich f\u00fcr den pers\u00f6nlichen Gebrauch herunterladen oder anfertigen, sofern sie keine der geistigen oder gewerblichen Schutzrechte von PLASOLIVA, S.L. verletzen, oder ganz, oder teilweise ver\u00e4ndern. In keinem Fall bedeutet dies eine Genehmigung oder Lizenz \u00fcber die Eigentumsrechte der PLASOLIVA, S.L.<\/p>\n<p>Es ist verboten, au\u00dfer in den von PLASOLIVA, S.L. ausdr\u00fccklich genehmigten F\u00e4llen, die Seiten von PLASOLIVA, S.L. oder die darin enthaltene Information unter Rahmen, Unterscheidungsmerkmalen, Marken oder Firmen- oder Handelsnamen einer anderen Person, Firma oder Einrichtung darzustellen.<\/p>\n<h2>HAFTUNGSAUSSCHLUSS:<\/h2>\n<p>PLASOLIVA, S.L. ist unter keinen Umst\u00e4nden verantwortlich f\u00fcr Sch\u00e4den jeglicher Art, die Benutzer dieser Website oder anderer Seiten, aufgrund der illegalen oder unsachgem\u00e4\u00dfen Nutzung derselben oder der Inhalte und Informationen, die \u00fcber diese Website zug\u00e4nglich oder bereitgestellt werden, verursachen k\u00f6nnen.<\/p>\n<h2>SERVICE:<\/h2>\n<p>PLASOLIVA, S.L. beh\u00e4lt sich das Recht vor, den Zugang zu seiner Website ohne vorherige Ank\u00fcndigung nach eigenem Ermessen und vor\u00fcbergehend, aus technischen, oder anderen Gr\u00fcnden auszusetzen und kann auch einseitig, sowohl die Zugangsbedingungen, als auch die darin enthaltenen Inhalte, ganz oder teilweise \u00e4ndern.<\/p>\n<h2>ALLGEMEINES:<\/h2>\n<p>F\u00fcr alle Streitigkeiten, die die Webseite von PLASOLIVA, S.L. betreffen, gilt die spanische Gesetzgebung, die f\u00fcr die L\u00f6sung aller Konflikte, die sich aus der Nutzung dieser Webseite ergeben oder damit zusammenh\u00e4ngen, sowie die Gerichte am Wohnsitz des Benutzers zust\u00e4ndig ist. Der Zugriff auf die Website von PLASOLIVA, S.L. setzt die Annahme aller vorgenannten Bedingungen voraus.<\/p>\n<h2>VERWEISE UND LINKS:<\/h2>\n<p>Hyperlinks auf der PLASOLIVA, S.L. Website k\u00f6nnen zu Webseiten Dritter f\u00fchren. PLASOLIVA, S.L. \u00fcbernimmt keine Verantwortung f\u00fcr die Inhalte, Informationen oder Dienstleistungen, die auf diesen Seiten erscheinen k\u00f6nnen, die ausschlie\u00dflich informativ sind und in keinem Fall eine Beziehung zwischen PLASOLIVA, S.L. und den Personen oder K\u00f6rperschaften, die diese Inhalte besitzen, oder den Eigent\u00fcmern der Seiten, auf denen sie sich befinden, implizieren.<\/p>\n<h1><\/h1>\n<h1>DATENSCHUTZBESTIMMUNGEN.<\/h1>\n<h2>ALLGEMEINES:<\/h2>\n<p>F\u00fcr die Zwecke der Europ\u00e4ischen Datenschutzverordnung EU 2016\/679 vom 27. April des Parlaments und des Rates sowie der \u00fcbrigen geltenden nationalen Vorschriften informiert Sie PLASOLIVA, S.L., dass sie die geltenden Rechtsvorschriften zum Schutz personenbezogener Daten und die mit ihrer T\u00e4tigkeit verbundenen Vertraulichkeitsverpflichtungen vollst\u00e4ndig erf\u00fcllt.<\/p>\n<p>PLASOLIVA, S.L. informiert Sie \u00fcber das Vorhandensein eines Informationsverarbeitungssystems, das sich im Besitz von PLASOLIVA, S.L. befindet, f\u00fcr eigene Verwaltungs-, Kommunikations- und Informationszwecke. Dieses System ist im entsprechenden Register der Behandlungsaktivit\u00e4ten des RT beschrieben, auf das der Benutzer zugreifen kann, um den Status seiner Daten zu \u00fcberpr\u00fcfen.<\/p>\n<h2>SICHERHEITSMA\u00dfNAHMEN UND -STUFEN:<\/h2>\n<p>PLASOLIVA, S.L. hat die notwendigen Ma\u00dfnahmen ergriffen, um die Sicherheit der Informationen gem\u00e4\u00df Art. 32 der RGPD entsprechend der Art der verarbeiteten personenbezogenen Daten und den Umst\u00e4nden der Verarbeitung zu gew\u00e4hrleisten, mit dem Ziel, deren \u00c4nderung, Verlust, Verarbeitung oder unbefugten Zugriff so weit wie m\u00f6glich und immer nach dem Stand der Technik zu vermeiden und damit deren Vertraulichkeit, Integrit\u00e4t und Verf\u00fcgbarkeit zu gew\u00e4hrleisten.<\/p>\n<h2>ANWENDUNGSBEREICH:<\/h2>\n<p>Die Sicherheitsma\u00dfnahmen, die PLASOLIVA, S.L. im Register der Behandlungsaktivit\u00e4ten beschrieben hat, werden auf alle Verm\u00f6genswerte des Informationsverarbeitungssystems angewendet, in dem personenbezogene Daten verarbeitet werden, mit dem Ziel, die geltenden Datenschutzgesetze einzuhalten.<\/p>\n<p>Alle von PLASOLIVA, S.L. eingestellten Mitarbeiter und Ihre leitenden Angestellten f\u00fcr die Behandlung, sind verpflichtet, die oben genannten Vorschriften unter besonderer Ber\u00fccksichtigung ihrer Funktionen und Pflichten einzuhalten, einschlie\u00dflich der von PLASOLIVA, S.L. ordnungsgem\u00e4\u00df festgelegten Geheimhaltungspflicht.<\/p>\n<h2>DATENERFASSUNG:<\/h2>\n<p>Die Annahme dieser Bedingungen erfordert, dass der Nutzer einige wesentliche Daten f\u00fcr die Erbringung seiner Dienstleistungen sammelt, die pers\u00f6nlich \u00fcber Formulare oder die Website angefordert werden. Zum Zeitpunkt der Datenerhebung wird der Nutzer ordnungsgem\u00e4\u00df \u00fcber seine Rechte informiert.<\/p>\n<p>Um sicherzustellen, dass die in unserem Verarbeitungssystem enthaltene Information immer auf dem neuesten Stand und fehlerfrei ist, bitten wir unsere Kunden und Nutzer, uns so schnell wie m\u00f6glich \u00fcber \u00c4nderungen oder Korrekturen ihrer personenbezogenen Daten zu informieren.<\/p>\n<h2>ZIEL: AUS\u00dcBUNG DER RECHTE:<\/h2>\n<p>Um das Recht auf Zugang, Anfechtung, Berichtigung, L\u00f6schung, Unterdr\u00fcckung oder Widerspruch, \u00dcbertragbarkeit, Einschr\u00e4nkung der Behandlung auszu\u00fcben und eine Klage bei der AEPD einzureichen, wenden Sie sich bitte an PLASOLIVA, S.L, CTRA. DE SAN MARTIN DE TREVEJO A ELJAS, S\/N, de ELJAS, Provinz CACERES, mit Postleitzahl 10891, Spanien. Es k\u00f6nnen jedoch auch andere Mittel verwendet werden, um die Identit\u00e4t des Kunden zu erkennen, der eines der oben genannten Rechte aus\u00fcbt.<\/p>\n<h2>EINVERST\u00c4NDNISERKL\u00c4RUNG:<\/h2>\n<p>Der Nutzer ist damit einverstanden, dass PLASOLIVA, S.L. seine personenbezogenen Daten zur ordnungsgem\u00e4\u00dfen Erbringung der vertraglich vereinbarten Leistungen verwendet.<\/p>\n<p>Das Ausf\u00fcllen des auf der Website enthaltenen Formulars oder das Versenden von E-Mails oder anderen Mitteilungen an PLASOLIVA, S.L. bedeutet die ausdr\u00fcckliche Zustimmung des Benutzers zur Aufnahme seiner personenbezogenen Daten in das oben genannte Behandlungssystem, das sich im Besitz von PLASOLIVA, S.L. befindet.<\/p>\n<p>Zum Zeitpunkt der Anforderung dieser Informationen wird der Kunde oder Nutzer, des Empf\u00e4ngers der Informationen, \u00fcber den Zweck zu dem die Daten erhoben werden, die Identit\u00e4t und Anschrift von PLASOLIVA, S.L. und das Recht des Nutzers, das Recht auf Zugang, Anfechtung, Berichtigung, L\u00f6schung oder Widerspruch, \u00dcbertragbarkeit, Einschr\u00e4nkung der Behandlung auszu\u00fcben und eine Beschwerde bei der AEPD einzureichen, informiert.<\/p>\n<h2>WEITERGABE AN DRITTE:<\/h2>\n<p>PLASOLIVA, S.L. \u00fcbertr\u00e4gt keine personenbezogenen Daten ohne die ausdr\u00fcckliche Zustimmung seiner Eigent\u00fcmer, die jeweils erteilt werden muss, und die nur mit dem ausdr\u00fccklichen Zweck und immer mit der Zustimmung des Benutzers oder Kunden \u00fcbertragen werden.<\/p>\n<h2>VERTRAULICHKEIT UND BERUFSGEHEIMNIS:<\/h2>\n<p>Die im Rahmen der gesamten privaten Kommunikation zwischen PLASOLIVA, S.L. und Kunden oder Nutzern erhobenen Daten werden absolut vertraulich behandelt, PLASOLIVA, S.L. verpflichtet sich zur Geheimhaltung personenbezogener Daten, zu ihrer Aufbewahrungspflicht und zu allen notwendigen Ma\u00dfnahmen, um deren \u00c4nderung, Verlust und unbefugte Behandlung oder Zugriff gem\u00e4\u00df den geltenden Gesetzen zu verhindern.<\/p>\n<p>Dar\u00fcber hinaus gelten auch Informationen jeglicher Art, die die Parteien untereinander austauschen, die, die sie vereinbaren, einen solchen Charakter haben oder die einfach auf dem Inhalt dieser Informationen zu sehen sind, als vertraulich. Die Visualisierung von Daten \u00fcber das Internet berechtigt nicht zur wahllosen Verwendung derselben, es sei denn, der Eigent\u00fcmer hat bei jedem Anlass ausdr\u00fccklich zugestimmt.<\/p>\n<p>Wir empfehlen dem Kunden, ihre Identifikations-, Passwort- oder Referenznummern, die PLASOLIVA, S.L. zur Verf\u00fcgung stellt, Dritten nicht mitzuteilen. Um zu gew\u00e4hrleisten, dass der Schutz des Berufsgeheimnisses zwischen PLASOLIVA, S.L. und dem Kunden bei allen Kommunikationen gewahrt bleibt, darf der Kunde\/Nutzer vertrauliche Informationen nicht an Dritte weitergeben.<\/p>\n<h2>\u00c4NDERUNGEN DER DATENSCHUTZBESTIMMUNGEN:<\/h2>\n<p>PLASOLIVA, S.L. beh\u00e4lt sich das Recht vor, seine Sicherheits- und Datenschutzpolitik zu \u00e4ndern, um sie an neue Gesetze oder die Rechtsprechung anzupassen, sowie an solche, die sich aus bestehenden Verhaltenskodizes in dieser Angelegenheit oder durch strategische Unternehmensentscheidungen ergeben k\u00f6nnen, und zwar ab dem Zeitpunkt der Ver\u00f6ffentlichung dieser \u00c4nderung auf der PLASOLIVA, S.L. Website.<\/p>\n<h2>KONTAKTADRESSE:<\/h2>\n<p>Die Website wird von PLASOLIVA, S.L. verwaltet, die im Handelsregister unter CIF B10315877 eingetragen ist.<\/p>\n<p>Das erstellte Informationsverarbeitungssystem befindet sich am Sitz, der f\u00fcr die Zwecke dieser rechtlichen Hinweise eingerichtet ist, in PLASOLIVA, S.L, CTRA. DE SAN MARTIN DE TREVEJO A ELJAS, S\/N, de ELJAS, Provinz CACERES, mit Postleitzahl 10891, Spanien; unter der Aufsicht und Kontrolle von PLASOLIVA, S.L., das die Verantwortung f\u00fcr die Annahme technischer und organisatorischer Sicherheitsma\u00dfnahmen zum Schutz der Vertraulichkeit und Integrit\u00e4t der Informationen gem\u00e4\u00df der Europ\u00e4ischen Datenschutzverordnung EU 2016\/679 vom 27. April des Parlaments und des Rates und der \u00fcbrigen geltenden nationalen Rechtsvorschriften sowie anderer geltender Rechtsvorschriften \u00fcbernimmt.<\/p>\n<p align=\"JUSTIFY\">PLASOLIVA, S.L. informiert Sie gem\u00e4\u00df dem Gesetz 34\/2002 \u00fcber Dienste der Informationsgesellschaft und des elektronischen Gesch\u00e4ftsverkehrs dar\u00fcber, dass die weit gefasste Bedeutung des Gesetzes auch die Bereitstellung von Informationen auf diesem Wege umfasst. In jedem Fall gelten in diesem Zusammenhang die Europ\u00e4ische Datenschutzverordnung EU 2016\/679 des Parlaments und des Rates vom 27. April und die \u00fcbrigen geltenden nationalen Verordnungen sowie ihre Durchf\u00fchrungsbestimmungen, insbesondere in Bezug auf die Erhebung personenbezogener Daten, die Information interessierter Kreise sowie die Erstellung und Pflege personenbezogener Daten.<\/p>\n","protected":false},"excerpt":{"rendered":"<p>RECHTLICHE HINWEISE &nbsp; ALLGEMEINES: Diese Website wurde entwickelt, um die von PLASOLIVA, S.L, CTRA angebotenen Dienstleistungen zu ver\u00f6ffentlichen. DE SAN MARTIN &#8230;<\/p>\n","protected":false},"author":1,"featured_media":0,"parent":0,"menu_order":0,"comment_status":"closed","ping_status":"closed","template":"","meta":{"footnotes":""},"class_list":["post-1758","page","type-page","status-publish","hentry"],"yoast_head":"<!-- This site is optimized with the Yoast SEO plugin v24.7 - https:\/\/yoast.com\/wordpress\/plugins\/seo\/ -->\r\n<title>Rechtliche hinweise und datenschutzbestimmungen - Plasoliva | Aceitunas de mesa<\/title>\r\n<meta name=\"robots\" content=\"index, follow, max-snippet:-1, max-image-preview:large, max-video-preview:-1\" \/>\r\n<link rel=\"canonical\" href=\"https:\/\/plasoliva.com\/de\/legal\/\" \/>\r\n<meta property=\"og:locale\" content=\"de_DE\" \/>\r\n<meta property=\"og:type\" content=\"article\" \/>\r\n<meta property=\"og:title\" content=\"Rechtliche hinweise und datenschutzbestimmungen - Plasoliva | Aceitunas de mesa\" \/>\r\n<meta property=\"og:description\" content=\"RECHTLICHE HINWEISE &nbsp; ALLGEMEINES: Diese Website wurde entwickelt, um die von PLASOLIVA, S.L, CTRA angebotenen Dienstleistungen zu ver\u00f6ffentlichen. DE SAN MARTIN ...\" \/>\r\n<meta property=\"og:url\" content=\"https:\/\/plasoliva.com\/legal\/\" \/>\r\n<meta property=\"og:site_name\" content=\"Plasoliva | Aceitunas de mesa\" \/>\r\n<meta property=\"article:modified_time\" content=\"2019-09-17T11:05:21+00:00\" \/>\r\n<meta name=\"twitter:card\" content=\"summary_large_image\" \/>\r\n<meta name=\"twitter:label1\" content=\"Gesch\u00e4tzte Lesezeit\" \/>\n\t<meta name=\"twitter:data1\" content=\"9\u00a0Minuten\" \/>\r\n<script type=\"application\/ld+json\" class=\"yoast-schema-graph\">{\"@context\":\"https:\/\/schema.org\",\"@graph\":[{\"@type\":\"WebPage\",\"@id\":\"https:\/\/plasoliva.com\/legal\/\",\"url\":\"https:\/\/plasoliva.com\/legal\/\",\"name\":\"Rechtliche hinweise und datenschutzbestimmungen - Plasoliva | Aceitunas de mesa\",\"isPartOf\":{\"@id\":\"https:\/\/plasoliva.com\/#website\"},\"datePublished\":\"2018-09-22T14:28:21+00:00\",\"dateModified\":\"2019-09-17T11:05:21+00:00\",\"breadcrumb\":{\"@id\":\"https:\/\/plasoliva.com\/legal\/#breadcrumb\"},\"inLanguage\":\"de\",\"potentialAction\":[{\"@type\":\"ReadAction\",\"target\":[\"https:\/\/plasoliva.com\/legal\/\"]}]},{\"@type\":\"BreadcrumbList\",\"@id\":\"https:\/\/plasoliva.com\/legal\/#breadcrumb\",\"itemListElement\":[{\"@type\":\"ListItem\",\"position\":1,\"name\":\"Portada\",\"item\":\"https:\/\/plasoliva.com\/\"},{\"@type\":\"ListItem\",\"position\":2,\"name\":\"Rechtliche hinweise und datenschutzbestimmungen\"}]},{\"@type\":\"WebSite\",\"@id\":\"https:\/\/plasoliva.com\/#website\",\"url\":\"https:\/\/plasoliva.com\/\",\"name\":\"Plasoliva | Aceitunas de mesa\",\"description\":\"Envasadora y comercializadora de aceitunas de mesa manzanilla cacere\u00f1a.\",\"potentialAction\":[{\"@type\":\"SearchAction\",\"target\":{\"@type\":\"EntryPoint\",\"urlTemplate\":\"https:\/\/plasoliva.com\/?s={search_term_string}\"},\"query-input\":{\"@type\":\"PropertyValueSpecification\",\"valueRequired\":true,\"valueName\":\"search_term_string\"}}],\"inLanguage\":\"de\"}]}<\/script>\r\n<!-- \/ Yoast SEO plugin. -->","yoast_head_json":{"title":"Rechtliche hinweise und datenschutzbestimmungen - Plasoliva | Aceitunas de mesa","robots":{"index":"index","follow":"follow","max-snippet":"max-snippet:-1","max-image-preview":"max-image-preview:large","max-video-preview":"max-video-preview:-1"},"canonical":"https:\/\/plasoliva.com\/de\/legal\/","og_locale":"de_DE","og_type":"article","og_title":"Rechtliche hinweise und datenschutzbestimmungen - Plasoliva | Aceitunas de mesa","og_description":"RECHTLICHE HINWEISE &nbsp; ALLGEMEINES: Diese Website wurde entwickelt, um die von PLASOLIVA, S.L, CTRA angebotenen Dienstleistungen zu ver\u00f6ffentlichen. DE SAN MARTIN ...","og_url":"https:\/\/plasoliva.com\/legal\/","og_site_name":"Plasoliva | Aceitunas de mesa","article_modified_time":"2019-09-17T11:05:21+00:00","twitter_card":"summary_large_image","twitter_misc":{"Gesch\u00e4tzte Lesezeit":"9\u00a0Minuten"},"schema":{"@context":"https:\/\/schema.org","@graph":[{"@type":"WebPage","@id":"https:\/\/plasoliva.com\/legal\/","url":"https:\/\/plasoliva.com\/legal\/","name":"Rechtliche hinweise und datenschutzbestimmungen - Plasoliva | Aceitunas de mesa","isPartOf":{"@id":"https:\/\/plasoliva.com\/#website"},"datePublished":"2018-09-22T14:28:21+00:00","dateModified":"2019-09-17T11:05:21+00:00","breadcrumb":{"@id":"https:\/\/plasoliva.com\/legal\/#breadcrumb"},"inLanguage":"de","potentialAction":[{"@type":"ReadAction","target":["https:\/\/plasoliva.com\/legal\/"]}]},{"@type":"BreadcrumbList","@id":"https:\/\/plasoliva.com\/legal\/#breadcrumb","itemListElement":[{"@type":"ListItem","position":1,"name":"Portada","item":"https:\/\/plasoliva.com\/"},{"@type":"ListItem","position":2,"name":"Rechtliche hinweise und datenschutzbestimmungen"}]},{"@type":"WebSite","@id":"https:\/\/plasoliva.com\/#website","url":"https:\/\/plasoliva.com\/","name":"Plasoliva | Aceitunas de mesa","description":"Envasadora y comercializadora de aceitunas de mesa manzanilla cacere\u00f1a.","potentialAction":[{"@type":"SearchAction","target":{"@type":"EntryPoint","urlTemplate":"https:\/\/plasoliva.com\/?s={search_term_string}"},"query-input":{"@type":"PropertyValueSpecification","valueRequired":true,"valueName":"search_term_string"}}],"inLanguage":"de"}]}},"_links":{"self":[{"href":"https:\/\/plasoliva.com\/de\/wp-json\/wp\/v2\/pages\/1758\/"}],"collection":[{"href":"https:\/\/plasoliva.com\/de\/wp-json\/wp\/v2\/pages\/"}],"about":[{"href":"https:\/\/plasoliva.com\/de\/wp-json\/wp\/v2\/types\/page\/"}],"author":[{"embeddable":true,"href":"https:\/\/plasoliva.com\/de\/wp-json\/wp\/v2\/users\/1\/"}],"replies":[{"embeddable":true,"href":"https:\/\/plasoliva.com\/de\/wp-json\/wp\/v2\/comments\/?post=1758"}],"version-history":[{"count":3,"href":"https:\/\/plasoliva.com\/de\/wp-json\/wp\/v2\/pages\/1758\/revisions\/"}],"predecessor-version":[{"id":1765,"href":"https:\/\/plasoliva.com\/de\/wp-json\/wp\/v2\/pages\/1758\/revisions\/1765\/"}],"wp:attachment":[{"href":"https:\/\/plasoliva.com\/de\/wp-json\/wp\/v2\/media\/?parent=1758"}],"curies":[{"name":"wp","href":"https:\/\/api.w.org\/{rel}","templated":true}]}}