{"id":1706,"date":"2018-08-31T01:31:17","date_gmt":"2018-08-31T07:31:17","guid":{"rendered":"http:\/\/plasoliva.com\/produkte\/aceitunas-negras-con-hueso-lata-5kg\/"},"modified":"2019-07-19T22:37:54","modified_gmt":"2019-07-19T20:37:54","slug":"aceitunas-negras-con-hueso-lata-5kg","status":"publish","type":"page","link":"https:\/\/plasoliva.com\/de\/produkte\/aceitunas-negras-con-hueso-lata-5kg\/","title":{"rendered":"Aceitunas negras con hueso en lata 5kg"},"content":{"rendered":"<p>[vc_row padding_top=Formular: Erfolgsmeldung0Erhalten Sie eine \u00dcbersetzungsanleitung padding_bottom=Formular: Erfolgsmeldung0Erhalten Sie eine \u00dcbersetzungsanleitung][vc_column][vc_single_image image=Formular: Erfolgsmeldung1190Erhalten Sie eine \u00dcbersetzungsanleitung img_size=Formular: Erfolgsmeldung1000x600Erhalten Sie eine \u00dcbersetzungsanleitung][vc_column_text]<\/p>\n\r\n        <style type='text\/css'>\r\n            #gallery-1 .gallery-item {\r\n                float: left;\r\n                text-align: center;\r\n                width: 20%;\r\n                margin-bottom:0;\r\n            }\r\n            #gallery-1 img {\r\n            }\r\n            #gallery-1 .gallery-caption {\r\n                margin-left: 0;\r\n            }\r\n        <\/style>\r\n        <script type='text\/javascript'>\r\n        \tjQuery(document).ready(function() {\r\n\t\t\t\tjQuery('.galleryid-1706').magnificPopup({\r\n\t\t\t\t\tdelegate: '.gallery-item a',\r\n\t\t\t\t\ttype: 'image',\r\n\t\t\t\t\tgallery:{\r\n\t\t\t\t\t\tenabled:true\r\n\t\t\t\t\t},\r\n\t\t\t\t\tzoom: {\r\n\t\t\t\t\t\tenabled:true\r\n\t\t\t\t\t}\r\n\t\t\t\t});\r\n\t\t\t});\r\n        <\/script>\n\t\t<div id='gallery-1' class='gallery galleryid-1706 gallery-columns-5 gallery-size-medium-thumb gallery-lightbox'><dl class='gallery-item'>\r\n            <dt class='gallery-icon'>\r\n                <a href='https:\/\/plasoliva.com\/wp-content\/uploads\/2018\/08\/A15-Principal-negras-enteras.jpg'><img loading=\"lazy\" decoding=\"async\" width=\"600\" height=\"300\" src=\"https:\/\/plasoliva.com\/wp-content\/uploads\/2018\/08\/A15-Principal-negras-enteras-600x300.jpg\" class=\"attachment-medium-thumb size-medium-thumb\" alt=\"\" srcset=\"https:\/\/plasoliva.com\/wp-content\/uploads\/2018\/08\/A15-Principal-negras-enteras-600x300.jpg 600w, https:\/\/plasoliva.com\/wp-content\/uploads\/2018\/08\/A15-Principal-negras-enteras-400x200.jpg 400w, https:\/\/plasoliva.com\/wp-content\/uploads\/2018\/08\/A15-Principal-negras-enteras-800x400.jpg 800w\" sizes=\"(max-width: 600px) 100vw, 600px\" \/><\/a>\r\n            <\/dt><\/dl>\r\n            <div class=\"clear\"><\/div>\r\n        <\/div>\n\n<p>[\/vc_column_text][\/vc_column][\/vc_row][vc_row][vc_column width=Formular: Erfolgsmeldung1\/2Erhalten Sie eine \u00dcbersetzungsanleitung][vc_column_text]<\/p>\n<h4>Descripci\u00f3n<\/h4>\n<p>Aceitunas negras deshuesadas de gran calibre y alto valor nutricional en formato de 5 Kg[\/vc_column_text][vc_column_text]<\/p>\n<h4>Dimensiones y pesos<\/h4>\n<p>Box met\u00e1lico de formato A15 cil\u00edndrico.<br \/>\nCierre termosellado con apertura f\u00e1cil de anilla.<\/p>\n<p>Ancho: 38cm<br \/>\nAlto: 42 cm<br \/>\nFondo: 12 cm<br \/>\nPeso neto: 5,000 Kg<br \/>\nPeso escurrido: 4,400 Kg[\/vc_column_text][\/vc_column][vc_column width=Formular: Erfolgsmeldung1\/2Erhalten Sie eine \u00dcbersetzungsanleitung][vc_column_text]<\/p>\n<h4>Embalajes y transporte<\/h4>\n<p>Descripci\u00f3n de los diferentes tipos de embalaje, ej. Caja de 4 unidades, Caja de 6 unidades, Palet de 36 cajas de 4 unidades en 3 filas de 12.<\/p>\n<p>Se adjunta un posible pdf con caracter\u00edsticas t\u00e9cnicas (pesos, dimensiones, garant\u00edas de env\u00edo&#8230; lo que sea:<\/p>\n<p><a class=\"icon-button\" href=\"#\"><i class=\"fa fa-file-pdf-o\"><\/i> Detalles-ficha-t\u00e9cnica.PDF<\/a>[\/vc_column_text][\/vc_column][\/vc_row]<\/p>\n","protected":false},"excerpt":{"rendered":"<p>Aceitunas negras con hueso de gran calibre y alto valor nutricional en formato de 5kg<\/p>\n","protected":false},"author":1,"featured_media":1707,"parent":1688,"menu_order":0,"comment_status":"open","ping_status":"open","template":"","meta":{"footnotes":""},"class_list":["post-1706","page","type-page","status-publish","has-post-thumbnail","hentry"],"yoast_head":"<!-- This site is optimized with the Yoast SEO plugin v24.7 - https:\/\/yoast.com\/wordpress\/plugins\/seo\/ -->\r\n<title>Aceitunas negras con hueso en lata 5kg - Plasoliva | Aceitunas de mesa<\/title>\r\n<meta name=\"robots\" content=\"index, follow, max-snippet:-1, max-image-preview:large, max-video-preview:-1\" \/>\r\n<link rel=\"canonical\" href=\"https:\/\/plasoliva.com\/de\/productos\/aceitunas-negras-con-hueso-lata-5kg\/\" \/>\r\n<meta property=\"og:locale\" content=\"de_DE\" \/>\r\n<meta property=\"og:type\" content=\"article\" \/>\r\n<meta property=\"og:title\" content=\"Aceitunas negras con hueso en lata 5kg - Plasoliva | Aceitunas de mesa\" \/>\r\n<meta property=\"og:description\" content=\"Aceitunas negras con hueso de gran calibre y alto valor nutricional en formato de 5kg\" \/>\r\n<meta property=\"og:url\" content=\"https:\/\/plasoliva.com\/productos\/aceitunas-negras-con-hueso-lata-5kg\/\" \/>\r\n<meta property=\"og:site_name\" content=\"Plasoliva | Aceitunas de mesa\" \/>\r\n<meta property=\"article:modified_time\" content=\"2019-07-19T20:37:54+00:00\" \/>\r\n<meta property=\"og:image\" content=\"https:\/\/plasoliva.com\/wp-content\/uploads\/2018\/08\/A15-Principal-negras-enteras.jpg\" \/>\r\n\t<meta property=\"og:image:width\" content=\"1120\" \/>\r\n\t<meta property=\"og:image:height\" content=\"700\" \/>\r\n\t<meta property=\"og:image:type\" content=\"image\/jpeg\" \/>\r\n<meta name=\"twitter:card\" content=\"summary_large_image\" \/>\r\n<meta name=\"twitter:label1\" content=\"Gesch\u00e4tzte Lesezeit\" \/>\n\t<meta name=\"twitter:data1\" content=\"1\u00a0Minute\" \/>\r\n<script type=\"application\/ld+json\" class=\"yoast-schema-graph\">{\"@context\":\"https:\/\/schema.org\",\"@graph\":[{\"@type\":\"WebPage\",\"@id\":\"https:\/\/plasoliva.com\/productos\/aceitunas-negras-con-hueso-lata-5kg\/\",\"url\":\"https:\/\/plasoliva.com\/productos\/aceitunas-negras-con-hueso-lata-5kg\/\",\"name\":\"Aceitunas negras con hueso en lata 5kg - Plasoliva | Aceitunas de mesa\",\"isPartOf\":{\"@id\":\"https:\/\/plasoliva.com\/#website\"},\"primaryImageOfPage\":{\"@id\":\"https:\/\/plasoliva.com\/productos\/aceitunas-negras-con-hueso-lata-5kg\/#primaryimage\"},\"image\":{\"@id\":\"https:\/\/plasoliva.com\/productos\/aceitunas-negras-con-hueso-lata-5kg\/#primaryimage\"},\"thumbnailUrl\":\"https:\/\/plasoliva.com\/wp-content\/uploads\/2018\/08\/A15-Principal-negras-enteras.jpg\",\"datePublished\":\"2018-08-31T07:31:17+00:00\",\"dateModified\":\"2019-07-19T20:37:54+00:00\",\"breadcrumb\":{\"@id\":\"https:\/\/plasoliva.com\/productos\/aceitunas-negras-con-hueso-lata-5kg\/#breadcrumb\"},\"inLanguage\":\"de\",\"potentialAction\":[{\"@type\":\"ReadAction\",\"target\":[\"https:\/\/plasoliva.com\/productos\/aceitunas-negras-con-hueso-lata-5kg\/\"]}]},{\"@type\":\"ImageObject\",\"inLanguage\":\"de\",\"@id\":\"https:\/\/plasoliva.com\/productos\/aceitunas-negras-con-hueso-lata-5kg\/#primaryimage\",\"url\":\"https:\/\/plasoliva.com\/wp-content\/uploads\/2018\/08\/A15-Principal-negras-enteras.jpg\",\"contentUrl\":\"https:\/\/plasoliva.com\/wp-content\/uploads\/2018\/08\/A15-Principal-negras-enteras.jpg\",\"width\":1120,\"height\":700},{\"@type\":\"BreadcrumbList\",\"@id\":\"https:\/\/plasoliva.com\/productos\/aceitunas-negras-con-hueso-lata-5kg\/#breadcrumb\",\"itemListElement\":[{\"@type\":\"ListItem\",\"position\":1,\"name\":\"Portada\",\"item\":\"https:\/\/plasoliva.com\/\"},{\"@type\":\"ListItem\",\"position\":2,\"name\":\"Produkte\",\"item\":\"https:\/\/plasoliva.com\/productos\/\"},{\"@type\":\"ListItem\",\"position\":3,\"name\":\"Aceitunas negras con hueso en lata 5kg\"}]},{\"@type\":\"WebSite\",\"@id\":\"https:\/\/plasoliva.com\/#website\",\"url\":\"https:\/\/plasoliva.com\/\",\"name\":\"Plasoliva | Aceitunas de mesa\",\"description\":\"Envasadora y comercializadora de aceitunas de mesa manzanilla cacere\u00f1a.\",\"potentialAction\":[{\"@type\":\"SearchAction\",\"target\":{\"@type\":\"EntryPoint\",\"urlTemplate\":\"https:\/\/plasoliva.com\/?s={search_term_string}\"},\"query-input\":{\"@type\":\"PropertyValueSpecification\",\"valueRequired\":true,\"valueName\":\"search_term_string\"}}],\"inLanguage\":\"de\"}]}<\/script>\r\n<!-- \/ Yoast SEO plugin. -->","yoast_head_json":{"title":"Aceitunas negras con hueso en lata 5kg - Plasoliva | Aceitunas de mesa","robots":{"index":"index","follow":"follow","max-snippet":"max-snippet:-1","max-image-preview":"max-image-preview:large","max-video-preview":"max-video-preview:-1"},"canonical":"https:\/\/plasoliva.com\/de\/productos\/aceitunas-negras-con-hueso-lata-5kg\/","og_locale":"de_DE","og_type":"article","og_title":"Aceitunas negras con hueso en lata 5kg - Plasoliva | Aceitunas de mesa","og_description":"Aceitunas negras con hueso de gran calibre y alto valor nutricional en formato de 5kg","og_url":"https:\/\/plasoliva.com\/productos\/aceitunas-negras-con-hueso-lata-5kg\/","og_site_name":"Plasoliva | Aceitunas de mesa","article_modified_time":"2019-07-19T20:37:54+00:00","og_image":[{"width":1120,"height":700,"url":"https:\/\/plasoliva.com\/wp-content\/uploads\/2018\/08\/A15-Principal-negras-enteras.jpg","type":"image\/jpeg"}],"twitter_card":"summary_large_image","twitter_misc":{"Gesch\u00e4tzte Lesezeit":"1\u00a0Minute"},"schema":{"@context":"https:\/\/schema.org","@graph":[{"@type":"WebPage","@id":"https:\/\/plasoliva.com\/productos\/aceitunas-negras-con-hueso-lata-5kg\/","url":"https:\/\/plasoliva.com\/productos\/aceitunas-negras-con-hueso-lata-5kg\/","name":"Aceitunas negras con hueso en lata 5kg - Plasoliva | Aceitunas de mesa","isPartOf":{"@id":"https:\/\/plasoliva.com\/#website"},"primaryImageOfPage":{"@id":"https:\/\/plasoliva.com\/productos\/aceitunas-negras-con-hueso-lata-5kg\/#primaryimage"},"image":{"@id":"https:\/\/plasoliva.com\/productos\/aceitunas-negras-con-hueso-lata-5kg\/#primaryimage"},"thumbnailUrl":"https:\/\/plasoliva.com\/wp-content\/uploads\/2018\/08\/A15-Principal-negras-enteras.jpg","datePublished":"2018-08-31T07:31:17+00:00","dateModified":"2019-07-19T20:37:54+00:00","breadcrumb":{"@id":"https:\/\/plasoliva.com\/productos\/aceitunas-negras-con-hueso-lata-5kg\/#breadcrumb"},"inLanguage":"de","potentialAction":[{"@type":"ReadAction","target":["https:\/\/plasoliva.com\/productos\/aceitunas-negras-con-hueso-lata-5kg\/"]}]},{"@type":"ImageObject","inLanguage":"de","@id":"https:\/\/plasoliva.com\/productos\/aceitunas-negras-con-hueso-lata-5kg\/#primaryimage","url":"https:\/\/plasoliva.com\/wp-content\/uploads\/2018\/08\/A15-Principal-negras-enteras.jpg","contentUrl":"https:\/\/plasoliva.com\/wp-content\/uploads\/2018\/08\/A15-Principal-negras-enteras.jpg","width":1120,"height":700},{"@type":"BreadcrumbList","@id":"https:\/\/plasoliva.com\/productos\/aceitunas-negras-con-hueso-lata-5kg\/#breadcrumb","itemListElement":[{"@type":"ListItem","position":1,"name":"Portada","item":"https:\/\/plasoliva.com\/"},{"@type":"ListItem","position":2,"name":"Produkte","item":"https:\/\/plasoliva.com\/productos\/"},{"@type":"ListItem","position":3,"name":"Aceitunas negras con hueso en lata 5kg"}]},{"@type":"WebSite","@id":"https:\/\/plasoliva.com\/#website","url":"https:\/\/plasoliva.com\/","name":"Plasoliva | Aceitunas de mesa","description":"Envasadora y comercializadora de aceitunas de mesa manzanilla cacere\u00f1a.","potentialAction":[{"@type":"SearchAction","target":{"@type":"EntryPoint","urlTemplate":"https:\/\/plasoliva.com\/?s={search_term_string}"},"query-input":{"@type":"PropertyValueSpecification","valueRequired":true,"valueName":"search_term_string"}}],"inLanguage":"de"}]}},"_links":{"self":[{"href":"https:\/\/plasoliva.com\/de\/wp-json\/wp\/v2\/pages\/1706\/"}],"collection":[{"href":"https:\/\/plasoliva.com\/de\/wp-json\/wp\/v2\/pages\/"}],"about":[{"href":"https:\/\/plasoliva.com\/de\/wp-json\/wp\/v2\/types\/page\/"}],"author":[{"embeddable":true,"href":"https:\/\/plasoliva.com\/de\/wp-json\/wp\/v2\/users\/1\/"}],"replies":[{"embeddable":true,"href":"https:\/\/plasoliva.com\/de\/wp-json\/wp\/v2\/comments\/?post=1706"}],"version-history":[{"count":1,"href":"https:\/\/plasoliva.com\/de\/wp-json\/wp\/v2\/pages\/1706\/revisions\/"}],"predecessor-version":[{"id":1709,"href":"https:\/\/plasoliva.com\/de\/wp-json\/wp\/v2\/pages\/1706\/revisions\/1709\/"}],"up":[{"embeddable":true,"href":"https:\/\/plasoliva.com\/de\/wp-json\/wp\/v2\/pages\/1688\/"}],"wp:featuredmedia":[{"embeddable":true,"href":"https:\/\/plasoliva.com\/de\/wp-json\/wp\/v2\/media\/1707\/"}],"wp:attachment":[{"href":"https:\/\/plasoliva.com\/de\/wp-json\/wp\/v2\/media\/?parent=1706"}],"curies":[{"name":"wp","href":"https:\/\/api.w.org\/{rel}","templated":true}]}}