{"id":1688,"date":"2015-02-05T10:21:11","date_gmt":"2015-02-05T10:21:11","guid":{"rendered":"http:\/\/plasoliva.com\/productos\/"},"modified":"2020-06-29T12:52:06","modified_gmt":"2020-06-29T10:52:06","slug":"produkte","status":"publish","type":"page","link":"https:\/\/plasoliva.com\/de\/produkte\/","title":{"rendered":"Produkte"},"content":{"rendered":"<p>[vc_row padding_top=Formular: Erfolgsmeldung10Erhalten Sie eine \u00dcbersetzungsanleitung padding_bottom=Formular: Erfolgsmeldung0Erhalten Sie eine \u00dcbersetzungsanleitung][vc_column][vc_column_text]Die Oliven (100% Cacere\u00f1a Oliven), die Plasoliva in ihren verschiedenen Formen auf den Markt bringt, sind eines der besten Beispiele f\u00fcr den Reichtum und das Potenzial, das die Landwirtschaft der Extremadura f\u00fcr Millionen von Verbrauchern auf der ganzen Welt bietet.<\/p>\n<p>Aufgrund ihres Charakters, ihres exquisiten Geschmacks, ihrer Textur und ihrer ern\u00e4hrungsphysiologischen Eigenschaften ist die Cacere\u00f1a eine der gefragtesten Oliven auf dem internationalen Markt, sowohl f\u00fcr den direkten Verzehr, als auch als Zutat in aufwendigeren Lebensmitteln, wie Pizzen, Salate, usw.. <strong>Plasoliva kauft nur Cacere\u00f1a Oliven<\/strong> an, die in der Extremadura, von ausgew\u00e4hlten Familienbetrieben oder Genossenschaften angebaut werden.[\/vc_column_text][\/vc_column][\/vc_row][vc_row][vc_column][vc_separator][vc_column_text]<\/p>\n<h2 style=\"text-align: center;\"><strong>PRODUKTPALETTE<\/strong><\/h2>\n<p>[\/vc_column_text][\/vc_column][\/vc_row][vc_row][vc_column][vc_basic_grid post_type=Formular: ErfolgsmeldungportfolioFormular: Erfolgsmeldung max_items=Formular: Erfolgsmeldung-1Erhalten Sie eine \u00dcbersetzungsanleitung show_filter=Formular: ErfolgsmeldungyesFormular: Erfolgsmeldung element_width=Formular: Erfolgsmeldung3Erhalten Sie eine \u00dcbersetzungsanleitung filter_color=Formular: ErfolgsmeldungchinoFormular: Erfolgsmeldung item=Formular: Erfolgsmeldung1271Erhalten Sie eine \u00dcbersetzungsanleitung grid_id=Formular: Erfolgsmeldungvc_gid:1537748921147-ba94d768-7315-10Erhalten Sie eine \u00dcbersetzungsanleitung filter_source=Formular: Erfolgsmeldungportfolio_categoryFormular: Erfolgsmeldung][vc_column_text]<\/p>\n<p>[\/vc_column_text][\/vc_column][\/vc_row]<\/p>\n","protected":false},"excerpt":{"rendered":"<p>[vc_row padding_top=Formular: Erfolgsmeldung10Erhalten Sie eine \u00dcbersetzungsanleitung padding_bottom=Formular: Erfolgsmeldung0Erhalten Sie eine \u00dcbersetzungsanleitung][vc_column][vc_column_text]Die Oliven (100% Cacere\u00f1a Oliven), die Plasoliva in ihren verschiedenen Formen &#8230;<\/p>\n","protected":false},"author":1,"featured_media":0,"parent":0,"menu_order":0,"comment_status":"open","ping_status":"open","template":"","meta":{"footnotes":""},"class_list":["post-1688","page","type-page","status-publish","hentry"],"yoast_head":"<!-- This site is optimized with the Yoast SEO plugin v24.7 - https:\/\/yoast.com\/wordpress\/plugins\/seo\/ -->\r\n<title>Produkte - Plasoliva | Aceitunas de mesa<\/title>\r\n<meta name=\"robots\" content=\"index, follow, max-snippet:-1, max-image-preview:large, max-video-preview:-1\" \/>\r\n<link rel=\"canonical\" href=\"https:\/\/plasoliva.com\/de\/productos\/\" \/>\r\n<meta property=\"og:locale\" content=\"de_DE\" \/>\r\n<meta property=\"og:type\" content=\"article\" \/>\r\n<meta property=\"og:title\" content=\"Produkte - Plasoliva | Aceitunas de mesa\" \/>\r\n<meta property=\"og:description\" content=\"[vc_row padding_top=Formular: Erfolgsmeldung10Erhalten Sie eine \u00dcbersetzungsanleitung padding_bottom=Formular: Erfolgsmeldung0Erhalten Sie eine \u00dcbersetzungsanleitung][vc_column][vc_column_text]Die Oliven (100% Cacere\u00f1a Oliven), die Plasoliva in ihren verschiedenen Formen ...\" \/>\r\n<meta property=\"og:url\" content=\"https:\/\/plasoliva.com\/productos\/\" \/>\r\n<meta property=\"og:site_name\" content=\"Plasoliva | Aceitunas de mesa\" \/>\r\n<meta property=\"article:modified_time\" content=\"2020-06-29T10:52:06+00:00\" \/>\r\n<meta name=\"twitter:card\" content=\"summary_large_image\" \/>\r\n<meta name=\"twitter:label1\" content=\"Gesch\u00e4tzte Lesezeit\" \/>\n\t<meta name=\"twitter:data1\" content=\"1\u00a0Minute\" \/>\r\n<script type=\"application\/ld+json\" class=\"yoast-schema-graph\">{\"@context\":\"https:\/\/schema.org\",\"@graph\":[{\"@type\":\"WebPage\",\"@id\":\"https:\/\/plasoliva.com\/productos\/\",\"url\":\"https:\/\/plasoliva.com\/productos\/\",\"name\":\"Produkte - Plasoliva | Aceitunas de mesa\",\"isPartOf\":{\"@id\":\"https:\/\/plasoliva.com\/#website\"},\"datePublished\":\"2015-02-05T10:21:11+00:00\",\"dateModified\":\"2020-06-29T10:52:06+00:00\",\"breadcrumb\":{\"@id\":\"https:\/\/plasoliva.com\/productos\/#breadcrumb\"},\"inLanguage\":\"de\",\"potentialAction\":[{\"@type\":\"ReadAction\",\"target\":[\"https:\/\/plasoliva.com\/productos\/\"]}]},{\"@type\":\"BreadcrumbList\",\"@id\":\"https:\/\/plasoliva.com\/productos\/#breadcrumb\",\"itemListElement\":[{\"@type\":\"ListItem\",\"position\":1,\"name\":\"Portada\",\"item\":\"https:\/\/plasoliva.com\/\"},{\"@type\":\"ListItem\",\"position\":2,\"name\":\"Produkte\"}]},{\"@type\":\"WebSite\",\"@id\":\"https:\/\/plasoliva.com\/#website\",\"url\":\"https:\/\/plasoliva.com\/\",\"name\":\"Plasoliva | Aceitunas de mesa\",\"description\":\"Envasadora y comercializadora de aceitunas de mesa manzanilla cacere\u00f1a.\",\"potentialAction\":[{\"@type\":\"SearchAction\",\"target\":{\"@type\":\"EntryPoint\",\"urlTemplate\":\"https:\/\/plasoliva.com\/?s={search_term_string}\"},\"query-input\":{\"@type\":\"PropertyValueSpecification\",\"valueRequired\":true,\"valueName\":\"search_term_string\"}}],\"inLanguage\":\"de\"}]}<\/script>\r\n<!-- \/ Yoast SEO plugin. -->","yoast_head_json":{"title":"Produkte - Plasoliva | Aceitunas de mesa","robots":{"index":"index","follow":"follow","max-snippet":"max-snippet:-1","max-image-preview":"max-image-preview:large","max-video-preview":"max-video-preview:-1"},"canonical":"https:\/\/plasoliva.com\/de\/productos\/","og_locale":"de_DE","og_type":"article","og_title":"Produkte - Plasoliva | Aceitunas de mesa","og_description":"[vc_row padding_top=Formular: Erfolgsmeldung10Erhalten Sie eine \u00dcbersetzungsanleitung padding_bottom=Formular: Erfolgsmeldung0Erhalten Sie eine \u00dcbersetzungsanleitung][vc_column][vc_column_text]Die Oliven (100% Cacere\u00f1a Oliven), die Plasoliva in ihren verschiedenen Formen ...","og_url":"https:\/\/plasoliva.com\/productos\/","og_site_name":"Plasoliva | Aceitunas de mesa","article_modified_time":"2020-06-29T10:52:06+00:00","twitter_card":"summary_large_image","twitter_misc":{"Gesch\u00e4tzte Lesezeit":"1\u00a0Minute"},"schema":{"@context":"https:\/\/schema.org","@graph":[{"@type":"WebPage","@id":"https:\/\/plasoliva.com\/productos\/","url":"https:\/\/plasoliva.com\/productos\/","name":"Produkte - Plasoliva | Aceitunas de mesa","isPartOf":{"@id":"https:\/\/plasoliva.com\/#website"},"datePublished":"2015-02-05T10:21:11+00:00","dateModified":"2020-06-29T10:52:06+00:00","breadcrumb":{"@id":"https:\/\/plasoliva.com\/productos\/#breadcrumb"},"inLanguage":"de","potentialAction":[{"@type":"ReadAction","target":["https:\/\/plasoliva.com\/productos\/"]}]},{"@type":"BreadcrumbList","@id":"https:\/\/plasoliva.com\/productos\/#breadcrumb","itemListElement":[{"@type":"ListItem","position":1,"name":"Portada","item":"https:\/\/plasoliva.com\/"},{"@type":"ListItem","position":2,"name":"Produkte"}]},{"@type":"WebSite","@id":"https:\/\/plasoliva.com\/#website","url":"https:\/\/plasoliva.com\/","name":"Plasoliva | Aceitunas de mesa","description":"Envasadora y comercializadora de aceitunas de mesa manzanilla cacere\u00f1a.","potentialAction":[{"@type":"SearchAction","target":{"@type":"EntryPoint","urlTemplate":"https:\/\/plasoliva.com\/?s={search_term_string}"},"query-input":{"@type":"PropertyValueSpecification","valueRequired":true,"valueName":"search_term_string"}}],"inLanguage":"de"}]}},"_links":{"self":[{"href":"https:\/\/plasoliva.com\/de\/wp-json\/wp\/v2\/pages\/1688\/"}],"collection":[{"href":"https:\/\/plasoliva.com\/de\/wp-json\/wp\/v2\/pages\/"}],"about":[{"href":"https:\/\/plasoliva.com\/de\/wp-json\/wp\/v2\/types\/page\/"}],"author":[{"embeddable":true,"href":"https:\/\/plasoliva.com\/de\/wp-json\/wp\/v2\/users\/1\/"}],"replies":[{"embeddable":true,"href":"https:\/\/plasoliva.com\/de\/wp-json\/wp\/v2\/comments\/?post=1688"}],"version-history":[{"count":3,"href":"https:\/\/plasoliva.com\/de\/wp-json\/wp\/v2\/pages\/1688\/revisions\/"}],"predecessor-version":[{"id":1695,"href":"https:\/\/plasoliva.com\/de\/wp-json\/wp\/v2\/pages\/1688\/revisions\/1695\/"}],"wp:attachment":[{"href":"https:\/\/plasoliva.com\/de\/wp-json\/wp\/v2\/media\/?parent=1688"}],"curies":[{"name":"wp","href":"https:\/\/api.w.org\/{rel}","templated":true}]}}