{"id":1645,"date":"2018-08-31T02:07:12","date_gmt":"2018-08-31T08:07:12","guid":{"rendered":"http:\/\/plasoliva.com\/envases\/"},"modified":"2021-05-09T19:54:28","modified_gmt":"2021-05-09T17:54:28","slug":"verpackung","status":"publish","type":"page","link":"https:\/\/plasoliva.com\/de\/verpackung\/","title":{"rendered":"Verpackung"},"content":{"rendered":"<p>[vc_row row_type=Formular: Erfolgsmeldungrow_full_center_contentFormular: Erfolgsmeldung padding_top=Formular: Erfolgsmeldung10Erhalten Sie eine \u00dcbersetzungsanleitung padding_bottom=Formular: Erfolgsmeldung0Erhalten Sie eine \u00dcbersetzungsanleitung][vc_column][vc_column_text]Die Oliven (100% Cacere\u00f1a Oliven), die Plasoliva in ihren verschiedenen Formen auf den Markt bringt, sind eines der besten Beispiele f\u00fcr den Reichtum und das Potenzial, das die Landwirtschaft der Extremadura f\u00fcr Millionen von Verbrauchern auf der ganzen Welt bietet.<\/p>\n<p>Aufgrund ihres Charakters, ihres exquisiten Geschmacks, ihrer Textur und ihrer ern\u00e4hrungsphysiologischen Eigenschaften ist die Cacere\u00f1a eine der gefragtesten Oliven auf dem internationalen Markt, sowohl f\u00fcr den direkten Verzehr, als auch als Zutat in aufwendigeren Lebensmitteln, wie Pizzen, Salate, usw.. <strong>Plasoliva kauft nur Cacere\u00f1a Oliven<\/strong> an, die in der Extremadura, von ausgew\u00e4hlten Familienbetrieben oder Genossenschaften angebaut werden.[\/vc_column_text][\/vc_column][\/vc_row][vc_row][vc_column][vc_column_text]<\/p>\n<p>[\/vc_column_text][vc_separator][vc_column_text]<\/p>\n<h1 style=\"text-align: center;\"><strong>\u00a0VERPACKUNGSSORTIMENT<\/strong><\/h1>\n<p>[\/vc_column_text][\/vc_column][\/vc_row][vc_row row_type=Formular: Erfolgsmeldungrow_full_center_contentFormular: Erfolgsmeldung][vc_column width=Formular: Erfolgsmeldung1\/2Erhalten Sie eine \u00dcbersetzungsanleitung][vc_single_image image=Formular: Erfolgsmeldung1229Erhalten Sie eine \u00dcbersetzungsanleitung img_size=Formular: ErfolgsmeldungfullFormular: Erfolgsmeldung][\/vc_column][vc_column width=Formular: Erfolgsmeldung1\/2Erhalten Sie eine \u00dcbersetzungsanleitung][vc_column_text]<\/p>\n<h2>FORMAT A20<\/h2>\n<p>Rechteckige Blechdose mit abgerundete Kanten und ohne Rillen.<\/p>\n<p>Dieses Format hat ein Volumen von 7700 ml \/ 231 fl oz.<\/p>\n<h4>GR\u00d6\u00dfE<\/h4>\n<p>Breite x H\u00f6he x Tiefe (in mm):<span style=\"font-family: 'PT Sans', Helvetica, Arial, sans-serif; font-size: 14px; line-height: 1.7;\"> 219 x 146 x 260[\/vc_column_text][\/vc_column][\/vc_row][vc_row row_type=Formular: Erfolgsmeldungrow_full_center_contentFormular: Erfolgsmeldung bg_color=Formular: Erfolgsmeldung#edededFormular: Erfolgsmeldung padding_left=Formular: Erfolgsmeldung0Erhalten Sie eine \u00dcbersetzungsanleitung padding_right=Formular: Erfolgsmeldung0Erhalten Sie eine \u00dcbersetzungsanleitung][vc_column width=Formular: Erfolgsmeldung1\/2Erhalten Sie eine \u00dcbersetzungsanleitung][vc_single_image image=Formular: Erfolgsmeldung1235Erhalten Sie eine \u00dcbersetzungsanleitung img_size=Formular: ErfolgsmeldungfullFormular: Erfolgsmeldung][\/vc_column][vc_column width=Formular: Erfolgsmeldung1\/2Erhalten Sie eine \u00dcbersetzungsanleitung][vc_column_text]<\/span><\/p>\n<h2>FORMAT A15<\/h2>\n<p>Zylindrische Blechdose mit Rillen.<\/p>\n<p>Dieses Format hat ein Volumen von 4250 ml \/ 127,5 fl oz<\/p>\n<h4>GR\u00d6\u00dfE<\/h4>\n<p>Breite x H\u00f6he x Tiefe (in mm):<span style=\"font-family: 'PT Sans', Helvetica, Arial, sans-serif; font-size: 14px; line-height: 1.7;\"> 156 x 244 x 156[\/vc_column_text][\/vc_column][\/vc_row][vc_row row_type=Formular: Erfolgsmeldungrow_full_center_contentFormular: Erfolgsmeldung][vc_column width=Formular: Erfolgsmeldung1\/2Erhalten Sie eine \u00dcbersetzungsanleitung][vc_single_image image=Formular: Erfolgsmeldung1239Erhalten Sie eine \u00dcbersetzungsanleitung img_size=Formular: ErfolgsmeldungfullFormular: Erfolgsmeldung][\/vc_column][vc_column width=Formular: Erfolgsmeldung1\/2Erhalten Sie eine \u00dcbersetzungsanleitung][vc_column_text]<\/span><\/p>\n<h2>FORMAT A10<\/h2>\n<p>Zylindrische Blechdose mit Rillen.<\/p>\n<p>Dieses Format hat ein Volumen von 3100 ml<\/p>\n<h4>GR\u00d6\u00dfE<\/h4>\n<p>Breite x H\u00f6he x Tiefe (in mm):\u00a0<span style=\"font-family: 'PT Sans', Helvetica, Arial, sans-serif; font-size: 14px; line-height: 1.7;\">156 x 177 x 156[\/vc_column_text][\/vc_column][\/vc_row][vc_row row_type=Formular: Erfolgsmeldungrow_full_center_contentFormular: Erfolgsmeldung bg_color=Formular: Erfolgsmeldung#edededFormular: Erfolgsmeldung padding_left=Formular: Erfolgsmeldung0Erhalten Sie eine \u00dcbersetzungsanleitung padding_right=Formular: Erfolgsmeldung0Erhalten Sie eine \u00dcbersetzungsanleitung][vc_column width=Formular: Erfolgsmeldung1\/2Erhalten Sie eine \u00dcbersetzungsanleitung][vc_single_image image=Formular: Erfolgsmeldung1242Erhalten Sie eine \u00dcbersetzungsanleitung img_size=Formular: ErfolgsmeldungfullFormular: Erfolgsmeldung][\/vc_column][vc_column width=Formular: Erfolgsmeldung1\/2Erhalten Sie eine \u00dcbersetzungsanleitung][vc_column_text]<\/span><\/p>\n<h2>FORMAT 1KG<\/h2>\n<p>Glatte zylindrische Blechdose.\u00a0Sie hat eine Aufrei\u00dflasche.<\/p>\n<p>Dieses Format hat ein Volumen von 1000 ml \/ 25,5 fl oz<\/p>\n<h4>GR\u00d6\u00dfE<\/h4>\n<p>Breite x H\u00f6he x Tiefe (in mm):<span style=\"font-family: 'PT Sans', Helvetica, Arial, sans-serif; font-size: 14px; line-height: 1.7;\"> 101 x 119 x 101[\/vc_column_text][\/vc_column][\/vc_row][vc_row row_type=Formular: Erfolgsmeldungrow_full_center_contentFormular: Erfolgsmeldung][vc_column width=Formular: Erfolgsmeldung1\/2Erhalten Sie eine \u00dcbersetzungsanleitung][vc_single_image image=Formular: Erfolgsmeldung1252Erhalten Sie eine \u00dcbersetzungsanleitung img_size=Formular: ErfolgsmeldungfullFormular: Erfolgsmeldung][\/vc_column][vc_column width=Formular: Erfolgsmeldung1\/2Erhalten Sie eine \u00dcbersetzungsanleitung][vc_column_text]<\/span><\/p>\n<h2>FORMAT A300<\/h2>\n<p>Glatte zylindrische Blechdose.\u00a0Sie hat eine Aufrei\u00dflasche.<\/p>\n<p>Dieses Format hat ein Volumen von 425 ml \/ 12,75 fl oz<\/p>\n<h4>GR\u00d6\u00dfE<\/h4>\n<p>Breite x H\u00f6he x Tiefe (in mm):<span style=\"font-family: 'PT Sans', Helvetica, Arial, sans-serif; font-size: 14px; line-height: 1.7;\"> 75 x 110 x 75[\/vc_column_text][\/vc_column][\/vc_row][vc_row row_type=Formular: Erfolgsmeldungrow_full_center_contentFormular: Erfolgsmeldung bg_color=Formular: Erfolgsmeldung#edededFormular: Erfolgsmeldung padding_left=Formular: Erfolgsmeldung0Erhalten Sie eine \u00dcbersetzungsanleitung padding_right=Formular: Erfolgsmeldung0Erhalten Sie eine \u00dcbersetzungsanleitung][vc_column width=Formular: Erfolgsmeldung1\/2Erhalten Sie eine \u00dcbersetzungsanleitung][vc_single_image image=Formular: Erfolgsmeldung1251Erhalten Sie eine \u00dcbersetzungsanleitung img_size=Formular: ErfolgsmeldungfullFormular: Erfolgsmeldung][\/vc_column][vc_column width=Formular: Erfolgsmeldung1\/2Erhalten Sie eine \u00dcbersetzungsanleitung][vc_column_text]<\/span><\/p>\n<h2>FORMAT 12 UNZEN<\/h2>\n<p>Glatte zylindrische Blechdose.\u00a0Sie hat eine Aufrei\u00dflasche.<\/p>\n<p>Dieses Format hat ein Volumen von<span style=\"line-height: 1.7;\"> 370 ml \/ 11,1 fl oz<\/span><\/p>\n<h4>GR\u00d6\u00dfE<\/h4>\n<p>Breite x H\u00f6he x Tiefe (in mm):<span style=\"font-family: 'PT Sans', Helvetica, Arial, sans-serif; font-size: 14px; line-height: 1.7;\"> 67 x \u00a0119 x 67[\/vc_column_text][\/vc_column][\/vc_row][vc_row row_type=Formular: Erfolgsmeldungrow_full_center_contentFormular: Erfolgsmeldung][vc_column width=Formular: Erfolgsmeldung1\/2Erhalten Sie eine \u00dcbersetzungsanleitung][vc_single_image image=Formular: Erfolgsmeldung1241Erhalten Sie eine \u00dcbersetzungsanleitung img_size=Formular: ErfolgsmeldungfullFormular: Erfolgsmeldung][\/vc_column][vc_column width=Formular: Erfolgsmeldung1\/2Erhalten Sie eine \u00dcbersetzungsanleitung][vc_column_text]<\/span><\/p>\n<h2>FORMAT 10 UNZEN<\/h2>\n<p>Glatte zylindrische Blechdose.\u00a0Sie hat eine Aufrei\u00dflasche.<\/p>\n<p>Dieses Format hat ein Volumen von<span style=\"line-height: 1.7;\"> 314 ml \/ 9 fl oz<\/span><\/p>\n<h4>GR\u00d6\u00dfE<\/h4>\n<p>Breite x H\u00f6he x Tiefe (in mm):<span style=\"font-family: 'PT Sans', Helvetica, Arial, sans-serif; font-size: 14px; line-height: 1.7;\"> 67 x 102 x 67[\/vc_column_text][\/vc_column][\/vc_row][vc_row row_type=Formular: Erfolgsmeldungrow_full_center_contentFormular: Erfolgsmeldung bg_color=Formular: Erfolgsmeldung#edededFormular: Erfolgsmeldung][vc_column width=Formular: Erfolgsmeldung1\/2Erhalten Sie eine \u00dcbersetzungsanleitung][vc_single_image image=Formular: Erfolgsmeldung1241Erhalten Sie eine \u00dcbersetzungsanleitung img_size=Formular: ErfolgsmeldungfullFormular: Erfolgsmeldung][\/vc_column][vc_column width=Formular: Erfolgsmeldung1\/2Erhalten Sie eine \u00dcbersetzungsanleitung][vc_column_text]<\/span><\/p>\n<h2>FORMAT EinstiegsratgeberPARTYRufen Sie die WPML-Netzwerkeinstellungen auf.<\/h2>\n<p>Glatte zylindrische Blechdose.\u00a0Sie hat eine Aufrei\u00dflasche.<\/p>\n<p>Dieses Format hat ein Volumen von<span style=\"line-height: 1.7;\"> 290 ml \/ 9 fl oz<\/span><\/p>\n<h4>GR\u00d6\u00dfE<\/h4>\n<p>Breite x H\u00f6he x Tiefe (in mm):<span style=\"font-family: 'PT Sans', Helvetica, Arial, sans-serif; font-size: 14px; line-height: 1.7;\"> 67 x 96.5 x 67[\/vc_column_text][\/vc_column][\/vc_row][vc_row row_type=Formular: Erfolgsmeldungrow_full_center_contentFormular: Erfolgsmeldung padding_left=Formular: Erfolgsmeldung0Erhalten Sie eine \u00dcbersetzungsanleitung padding_right=Formular: Erfolgsmeldung0Erhalten Sie eine \u00dcbersetzungsanleitung][vc_column width=Formular: Erfolgsmeldung1\/2Erhalten Sie eine \u00dcbersetzungsanleitung][vc_single_image image=Formular: Erfolgsmeldung1249Erhalten Sie eine \u00dcbersetzungsanleitung img_size=Formular: ErfolgsmeldungfullFormular: Erfolgsmeldung][\/vc_column][vc_column width=Formular: Erfolgsmeldung1\/2Erhalten Sie eine \u00dcbersetzungsanleitung][vc_column_text]<\/span><\/p>\n<h2>FORMAT 8 UNZEN<\/h2>\n<p>Glatte zylindrische Blechdose.\u00a0Sie hat eine Aufrei\u00dflasche.<\/p>\n<p>Dieses Format hat ein Volumen von<span style=\"line-height: 1.7;\"> 125ml \/ 3,75 fl oz<\/span><\/p>\n<h4>GR\u00d6\u00dfE<\/h4>\n<p>Breite x H\u00f6he x Tiefe (in mm):<span style=\"font-family: 'PT Sans', Helvetica, Arial, sans-serif; font-size: 14px; line-height: 1.7;\">\u00a055 x 65 x 55[\/vc_column_text][\/vc_column][\/vc_row][vc_row row_type=Formular: Erfolgsmeldungrow_full_center_contentFormular: Erfolgsmeldung bg_color=Formular: Erfolgsmeldung#edededFormular: Erfolgsmeldung][vc_column width=Formular: Erfolgsmeldung1\/2Erhalten Sie eine \u00dcbersetzungsanleitung][vc_single_image image=Formular: Erfolgsmeldung1244Erhalten Sie eine \u00dcbersetzungsanleitung img_size=Formular: ErfolgsmeldungfullFormular: Erfolgsmeldung][\/vc_column][vc_column width=Formular: Erfolgsmeldung1\/2Erhalten Sie eine \u00dcbersetzungsanleitung][vc_column_text]<\/span><\/p>\n<h2>FORMAT 5 UNZEN<\/h2>\n<p>Glatte zylindrische Blechdose.\u00a0Sie hat eine Aufrei\u00dflasche.<\/p>\n<p>Dieses Format hat ein Volumen von<span style=\"line-height: 1.7;\"> 75 ml<\/span><\/p>\n<h4>GR\u00d6\u00dfE<\/h4>\n<p>Breite x H\u00f6he x Tiefe (in mm):\u00a055 x 45 x 55[\/vc_column_text][\/vc_column][\/vc_row]<\/p>\n","protected":false},"excerpt":{"rendered":"<p>Dosengr\u00f6\u00dfen in einer breiten Palette und einem breiten Spektrum an Aufmachungen f\u00fcr Tafeloliven, die f\u00fcr unterschiedliche Bed\u00fcrfnisse geeignet sind.<\/p>\n","protected":false},"author":1,"featured_media":0,"parent":0,"menu_order":0,"comment_status":"open","ping_status":"open","template":"","meta":{"footnotes":""},"class_list":["post-1645","page","type-page","status-publish","hentry"],"yoast_head":"<!-- This site is optimized with the Yoast SEO plugin v24.7 - https:\/\/yoast.com\/wordpress\/plugins\/seo\/ -->\r\n<title>Verpackung - Plasoliva | Aceitunas de mesa<\/title>\r\n<meta name=\"description\" content=\"Dosengr\u00f6\u00dfen in einer breiten Palette und einem breiten Spektrum an Aufmachungen f\u00fcr Tafeloliven, die f\u00fcr unterschiedliche Bed\u00fcrfnisse geeignet sind.\" \/>\r\n<meta name=\"robots\" content=\"index, follow, max-snippet:-1, max-image-preview:large, max-video-preview:-1\" \/>\r\n<link rel=\"canonical\" href=\"https:\/\/plasoliva.com\/de\/envases\/\" \/>\r\n<meta property=\"og:locale\" content=\"de_DE\" \/>\r\n<meta property=\"og:type\" content=\"article\" \/>\r\n<meta property=\"og:title\" content=\"Verpackung - Plasoliva | Aceitunas de mesa\" \/>\r\n<meta property=\"og:description\" content=\"Dosengr\u00f6\u00dfen in einer breiten Palette und einem breiten Spektrum an Aufmachungen f\u00fcr Tafeloliven, die f\u00fcr unterschiedliche Bed\u00fcrfnisse geeignet sind.\" \/>\r\n<meta property=\"og:url\" content=\"https:\/\/plasoliva.com\/envases\/\" \/>\r\n<meta property=\"og:site_name\" content=\"Plasoliva | Aceitunas de mesa\" \/>\r\n<meta property=\"article:modified_time\" content=\"2021-05-09T17:54:28+00:00\" \/>\r\n<meta name=\"twitter:card\" content=\"summary_large_image\" \/>\r\n<meta name=\"twitter:label1\" content=\"Gesch\u00e4tzte Lesezeit\" \/>\n\t<meta name=\"twitter:data1\" content=\"4\u00a0Minuten\" \/>\r\n<script type=\"application\/ld+json\" class=\"yoast-schema-graph\">{\"@context\":\"https:\/\/schema.org\",\"@graph\":[{\"@type\":\"WebPage\",\"@id\":\"https:\/\/plasoliva.com\/envases\/\",\"url\":\"https:\/\/plasoliva.com\/envases\/\",\"name\":\"Verpackung - Plasoliva | Aceitunas de mesa\",\"isPartOf\":{\"@id\":\"https:\/\/plasoliva.com\/#website\"},\"datePublished\":\"2018-08-31T08:07:12+00:00\",\"dateModified\":\"2021-05-09T17:54:28+00:00\",\"description\":\"Dosengr\u00f6\u00dfen in einer breiten Palette und einem breiten Spektrum an Aufmachungen f\u00fcr Tafeloliven, die f\u00fcr unterschiedliche Bed\u00fcrfnisse geeignet sind.\",\"breadcrumb\":{\"@id\":\"https:\/\/plasoliva.com\/envases\/#breadcrumb\"},\"inLanguage\":\"de\",\"potentialAction\":[{\"@type\":\"ReadAction\",\"target\":[\"https:\/\/plasoliva.com\/envases\/\"]}]},{\"@type\":\"BreadcrumbList\",\"@id\":\"https:\/\/plasoliva.com\/envases\/#breadcrumb\",\"itemListElement\":[{\"@type\":\"ListItem\",\"position\":1,\"name\":\"Portada\",\"item\":\"https:\/\/plasoliva.com\/\"},{\"@type\":\"ListItem\",\"position\":2,\"name\":\"Verpackung\"}]},{\"@type\":\"WebSite\",\"@id\":\"https:\/\/plasoliva.com\/#website\",\"url\":\"https:\/\/plasoliva.com\/\",\"name\":\"Plasoliva | Aceitunas de mesa\",\"description\":\"Envasadora y comercializadora de aceitunas de mesa manzanilla cacere\u00f1a.\",\"potentialAction\":[{\"@type\":\"SearchAction\",\"target\":{\"@type\":\"EntryPoint\",\"urlTemplate\":\"https:\/\/plasoliva.com\/?s={search_term_string}\"},\"query-input\":{\"@type\":\"PropertyValueSpecification\",\"valueRequired\":true,\"valueName\":\"search_term_string\"}}],\"inLanguage\":\"de\"}]}<\/script>\r\n<!-- \/ Yoast SEO plugin. -->","yoast_head_json":{"title":"Verpackung - Plasoliva | Aceitunas de mesa","description":"Dosengr\u00f6\u00dfen in einer breiten Palette und einem breiten Spektrum an Aufmachungen f\u00fcr Tafeloliven, die f\u00fcr unterschiedliche Bed\u00fcrfnisse geeignet sind.","robots":{"index":"index","follow":"follow","max-snippet":"max-snippet:-1","max-image-preview":"max-image-preview:large","max-video-preview":"max-video-preview:-1"},"canonical":"https:\/\/plasoliva.com\/de\/envases\/","og_locale":"de_DE","og_type":"article","og_title":"Verpackung - Plasoliva | Aceitunas de mesa","og_description":"Dosengr\u00f6\u00dfen in einer breiten Palette und einem breiten Spektrum an Aufmachungen f\u00fcr Tafeloliven, die f\u00fcr unterschiedliche Bed\u00fcrfnisse geeignet sind.","og_url":"https:\/\/plasoliva.com\/envases\/","og_site_name":"Plasoliva | Aceitunas de mesa","article_modified_time":"2021-05-09T17:54:28+00:00","twitter_card":"summary_large_image","twitter_misc":{"Gesch\u00e4tzte Lesezeit":"4\u00a0Minuten"},"schema":{"@context":"https:\/\/schema.org","@graph":[{"@type":"WebPage","@id":"https:\/\/plasoliva.com\/envases\/","url":"https:\/\/plasoliva.com\/envases\/","name":"Verpackung - Plasoliva | Aceitunas de mesa","isPartOf":{"@id":"https:\/\/plasoliva.com\/#website"},"datePublished":"2018-08-31T08:07:12+00:00","dateModified":"2021-05-09T17:54:28+00:00","description":"Dosengr\u00f6\u00dfen in einer breiten Palette und einem breiten Spektrum an Aufmachungen f\u00fcr Tafeloliven, die f\u00fcr unterschiedliche Bed\u00fcrfnisse geeignet sind.","breadcrumb":{"@id":"https:\/\/plasoliva.com\/envases\/#breadcrumb"},"inLanguage":"de","potentialAction":[{"@type":"ReadAction","target":["https:\/\/plasoliva.com\/envases\/"]}]},{"@type":"BreadcrumbList","@id":"https:\/\/plasoliva.com\/envases\/#breadcrumb","itemListElement":[{"@type":"ListItem","position":1,"name":"Portada","item":"https:\/\/plasoliva.com\/"},{"@type":"ListItem","position":2,"name":"Verpackung"}]},{"@type":"WebSite","@id":"https:\/\/plasoliva.com\/#website","url":"https:\/\/plasoliva.com\/","name":"Plasoliva | Aceitunas de mesa","description":"Envasadora y comercializadora de aceitunas de mesa manzanilla cacere\u00f1a.","potentialAction":[{"@type":"SearchAction","target":{"@type":"EntryPoint","urlTemplate":"https:\/\/plasoliva.com\/?s={search_term_string}"},"query-input":{"@type":"PropertyValueSpecification","valueRequired":true,"valueName":"search_term_string"}}],"inLanguage":"de"}]}},"_links":{"self":[{"href":"https:\/\/plasoliva.com\/de\/wp-json\/wp\/v2\/pages\/1645\/"}],"collection":[{"href":"https:\/\/plasoliva.com\/de\/wp-json\/wp\/v2\/pages\/"}],"about":[{"href":"https:\/\/plasoliva.com\/de\/wp-json\/wp\/v2\/types\/page\/"}],"author":[{"embeddable":true,"href":"https:\/\/plasoliva.com\/de\/wp-json\/wp\/v2\/users\/1\/"}],"replies":[{"embeddable":true,"href":"https:\/\/plasoliva.com\/de\/wp-json\/wp\/v2\/comments\/?post=1645"}],"version-history":[{"count":5,"href":"https:\/\/plasoliva.com\/de\/wp-json\/wp\/v2\/pages\/1645\/revisions\/"}],"predecessor-version":[{"id":2397,"href":"https:\/\/plasoliva.com\/de\/wp-json\/wp\/v2\/pages\/1645\/revisions\/2397\/"}],"wp:attachment":[{"href":"https:\/\/plasoliva.com\/de\/wp-json\/wp\/v2\/media\/?parent=1645"}],"curies":[{"name":"wp","href":"https:\/\/api.w.org\/{rel}","templated":true}]}}