{"id":1641,"date":"2018-03-09T10:36:41","date_gmt":"2018-03-09T16:36:41","guid":{"rendered":"http:\/\/plasoliva.com\/politica-calidad\/"},"modified":"2020-01-23T20:12:41","modified_gmt":"2020-01-23T18:12:41","slug":"qualitatspolitik","status":"publish","type":"page","link":"https:\/\/plasoliva.com\/de\/qualitatspolitik\/","title":{"rendered":"Qualit\u00e4tspolitik"},"content":{"rendered":"<p>[vc_row row_type=Formular: Erfolgsmeldungrow_full_center_contentFormular: Erfolgsmeldung][vc_column][vc_column_text]<\/p>\n<h1 style=\"text-align: center;\">Qualit\u00e4ts-, Sozial-, Umwelt- und Lebensmittelsicherheitspolitik<\/h1>\n<p>Diese Richtlinie spiegelt das Engagement von PLASOLIVA, S.L. bei der Qualit\u00e4tssicherung der von uns hergestellten Produkte wider. Sowie die Notwendigkeit, diese innerhalb und au\u00dferhalb des Unternehmens zu verstehen und zu kommunizieren.<\/p>\n<p>Unser Unternehmen widmet sich der Verarbeitung und Vermarktung der Tafelolive und ist bestrebt, auf die Bed\u00fcrfnisse und Erwartungen des Kunden einzugehen, indem es seine gesetzlichen und sonstigen Anforderungen erf\u00fcllt, die Prozesse kontinuierlich verbessert und die Lebensmittelsicherheit unseres Produkts durch die folgenden Grunds\u00e4tze gew\u00e4hrleistet:<\/p>\n<ul>\n<li><strong>KUNDENZUFRIEDENHEIT<\/strong>. Es ist unsere Unternehmenspolitik: Produkte mit einer Qualit\u00e4t zu liefern, die den Bed\u00fcrfnissen und Erwartungen der Kunden entspricht und sich wiederum am Umweltschutz und der Reduzierung der Umweltverschmutzung orientiert.<\/li>\n<li><strong>MANAGEMENTSF\u00dcHRUNG<\/strong>. Die Unternehmensleitung geht von dieser Richtlinie als ihrer eigenen aus, da sie den Bezugsrahmen f\u00fcr die Festlegung und regelm\u00e4\u00dfige \u00dcberpr\u00fcfung der Ziele und der festgelegten Zielsetzung bildet und die Bedeutung unserer Umweltaspekte f\u00fcr deren Festlegung kennt.<\/li>\n<li><strong>SOZIALPOLITIK<\/strong>. Das Unternehmen ber\u00fccksichtigt die Rechte der Arbeitnehmer in Bezug auf: das Recht auf Unterrichtung und Anh\u00f6rung, das Recht auf Verhandlungen und Streik, das Recht auf faire und gerechte Arbeitsbedingungen ohne Lohnunterschiede zwischen M\u00e4nnern und Frauen, die es erm\u00f6glichen, Familie und Beruf zu vereinbaren und den Schutz der Gesundheit der gesamten Familie zu gew\u00e4hrleisten.<\/li>\n<li><strong>EINHALTUNG DER GESETZE<\/strong>. Die Gesch\u00e4ftsleitung garantiert die R\u00fccksichtnahme und Schutz der Umwelt sowie die Einhaltung der gesetzlichen Bestimmungen und weiterer Punkte, wie die Verpflichtung unseres Unternehmens in Bezug auf Umwelt, Qualit\u00e4t und Lebensmittelsicherheit, die die Entwicklung unserer T\u00e4tigkeit beeinflussen.<\/li>\n<li><strong>OPTIMIERUNG VON PROZESSEN UND ROHSTOFFEN<\/strong>, um qualitativ hochwertige Dienstleistungen mit den bestm\u00f6glichen Garantien zu erzielen.<\/li>\n<li><strong>BETEILIGUNG UND MOTIVATION DES PERSONALS<\/strong>. Wir haben hochmotivierte, sensibilisierte Mitarbeiter, die sich der Bedeutung ihrer Arbeit bewusst sind, um unsere Ziele von Qualit\u00e4t, Umwelt und Lebensmittelsicherheit zu erreichen.<\/li>\n<li><strong>ENTSCHEIDUNGSFINDUNG AUF DER GRUNDLAGE VON DATEN UND OBJEKTIVEN BEWEISEN<\/strong>. Wir analysieren die Daten in unserem Managementsystem zur Entscheidungsfindung grunds\u00e4tzlich unter Ber\u00fccksichtigung: Kundenbeschwerden, Kundenzufriedenheit, interne Audits, Nichtkonformit\u00e4ten, Korrektur- und Vorbeugema\u00dfnahmen.<\/li>\n<li><strong>KOLLABORATIONSVEREINBARUNGEN\/MUTUAL BENEFFICIARY RELATIONSHIPS<\/strong> mit Lieferanten, Kunden und anderen interessierten Parteien.<\/li>\n<li><strong>KONTINUIERLICHE VERBESSERUNG<\/strong>, \u00dcberwachung, Messung und Analyse von Prozessen, Umweltaspekten und R\u00fcckverfolgbarkeit von Lebensmitteln.<\/li>\n<li><strong>VERPFLICHTUNG ZUR HERSTELLUNG VON SICHEREN, LEGALEN UND AUTENTISCHE PRODUKTEN<\/strong> in der angegebenen Qualit\u00e4t sowie zur \u00dcbernahme der Verantwortung gegen\u00fcber seinen Kunden.<\/li>\n<\/ul>\n<p>Das Engagement unseres Unternehmens f\u00fcr Qualit\u00e4t, Umweltschutz und Schadstoffreduzierung, die Sicherheit unserer Produkte sowie die Einhaltung sozialer Ma\u00dfnahmen endet nicht mit dem Erhalt eines Zertifikats in ISO-Normen oder anderen Normen, sondern bleibt eine st\u00e4ndige Herausforderung mit kontinuierlicher Verbesserung.<\/p>\n<p><img loading=\"lazy\" decoding=\"async\" class=\"aligncenter\" src=\"http:\/\/plasoliva.com\/wp-content\/uploads\/2017\/12\/logo-1-300x90.png\" sizes=\"(max-width: 300px) 100vw, 300px\" srcset=\"http:\/\/plasoliva.com\/wp-content\/uploads\/2017\/12\/logo-1-300x90.png 300w, http:\/\/plasoliva.com\/wp-content\/uploads\/2017\/12\/logo-1.png 512w\" alt=\"\" width=\"300\" height=\"90\" \/><\/p>\n<p><strong>Die Gesch\u00e4fts\u00fchrung:<\/strong><\/p>\n<p>Carmelo Torres Mu\u00f1oz[\/vc_column_text][\/vc_column][\/vc_row][vc_row row_type=Formular: Erfolgsmeldungrow_full_center_contentFormular: Erfolgsmeldung bg_color=Formular: Erfolgsmeldung#eaeaeaFormular: Erfolgsmeldung padding_left=Formular: Erfolgsmeldung0Erhalten Sie eine \u00dcbersetzungsanleitung padding_right=Formular: Erfolgsmeldung0Erhalten Sie eine \u00dcbersetzungsanleitung][vc_column][vc_empty_space][vc_column_text]<\/p>\n<h2 style=\"text-align: center;\">ZERTIFIZIERUNGEN<\/h2>\n<p>Unten sehen Sie unsere Zertifikate zur Einf\u00fchrung, Umwandlung, Verarbeitung und Verpackung, unserer Produktionsst\u00e4tte und die Verpackung unseres Rohmaterials.[\/vc_column_text][vc_row_inner][vc_column_inner width=Formular: Erfolgsmeldung1\/3Erhalten Sie eine \u00dcbersetzungsanleitung][vc_column_text]<img loading=\"lazy\" decoding=\"async\" class=\"wp-image-1305 aligncenter\" src=\"http:\/\/plasoliva.com\/wp-content\/uploads\/2018\/09\/IFS-cert-2018-212x300.png\" alt=\"\" width=\"141\" height=\"200\" srcset=\"https:\/\/plasoliva.com\/wp-content\/uploads\/2018\/09\/IFS-cert-2018-212x300.png 212w, https:\/\/plasoliva.com\/wp-content\/uploads\/2018\/09\/IFS-cert-2018.png 462w\" sizes=\"(max-width: 141px) 100vw, 141px\" \/><\/p>\n<p style=\"text-align: center;\"><a href=\"http:\/\/plasoliva.com\/wp-content\/uploads\/2020\/01\/2019_certificate_242009_en.pdf\" target=\"_blank\" rel=\"noopener noreferrer\">DATEI ANZEIGEN<\/a><\/p>\n<p>[\/vc_column_text][\/vc_column_inner][vc_column_inner width=Formular: Erfolgsmeldung1\/3Erhalten Sie eine \u00dcbersetzungsanleitung][vc_column_text]<img loading=\"lazy\" decoding=\"async\" class=\"aligncenter wp-image-1510\" src=\"http:\/\/plasoliva.com\/wp-content\/uploads\/2018\/10\/img-9001-209x300.jpg\" alt=\"\" width=\"139\" height=\"200\" srcset=\"https:\/\/plasoliva.com\/wp-content\/uploads\/2018\/10\/img-9001-209x300.jpg 209w, https:\/\/plasoliva.com\/wp-content\/uploads\/2018\/10\/img-9001.jpg 469w\" sizes=\"(max-width: 139px) 100vw, 139px\" \/><\/p>\n<p style=\"text-align: center;\"><a href=\"http:\/\/plasoliva.com\/wp-content\/uploads\/2018\/10\/certificado-SGS9001.pdf\" target=\"_blank\" rel=\"noopener noreferrer\">DATEI ANZEIGEN<\/a><\/p>\n<p>[\/vc_column_text][\/vc_column_inner][vc_column_inner width=Formular: Erfolgsmeldung1\/3Erhalten Sie eine \u00dcbersetzungsanleitung][vc_column_text]<img loading=\"lazy\" decoding=\"async\" class=\"wp-image-1511 aligncenter\" src=\"http:\/\/plasoliva.com\/wp-content\/uploads\/2018\/10\/img-14001-209x300.jpg\" alt=\"\" width=\"139\" height=\"200\" srcset=\"https:\/\/plasoliva.com\/wp-content\/uploads\/2018\/10\/img-14001-209x300.jpg 209w, https:\/\/plasoliva.com\/wp-content\/uploads\/2018\/10\/img-14001.jpg 469w\" sizes=\"(max-width: 139px) 100vw, 139px\" \/><\/p>\n<p style=\"text-align: center;\"><a href=\"http:\/\/plasoliva.com\/wp-content\/uploads\/2018\/10\/certificado-SGS14001.pdf\" target=\"_blank\" rel=\"noopener noreferrer\">DATEI ANZEIGEN<\/a><\/p>\n<p>[\/vc_column_text][\/vc_column_inner][\/vc_row_inner][vc_empty_space][vc_row_inner][vc_column_inner width=Formular: Erfolgsmeldung1\/2Erhalten Sie eine \u00dcbersetzungsanleitung][vc_column_text]<img loading=\"lazy\" decoding=\"async\" class=\"aligncenter wp-image-1306\" src=\"http:\/\/plasoliva.com\/wp-content\/uploads\/2018\/09\/FSMA-2018-209x300.png\" alt=\"\" width=\"139\" height=\"200\" srcset=\"https:\/\/plasoliva.com\/wp-content\/uploads\/2018\/09\/FSMA-2018-209x300.png 209w, https:\/\/plasoliva.com\/wp-content\/uploads\/2018\/09\/FSMA-2018.png 469w\" sizes=\"(max-width: 139px) 100vw, 139px\" \/><\/p>\n<p style=\"text-align: center;\"><a href=\"http:\/\/plasoliva.com\/wp-content\/uploads\/2020\/01\/BRC2019-2.pdf\" target=\"_blank\" rel=\"noopener noreferrer\">DATEI ANZEIGEN<\/a><\/p>\n<p>[\/vc_column_text][\/vc_column_inner][vc_column_inner width=Formular: Erfolgsmeldung1\/2Erhalten Sie eine \u00dcbersetzungsanleitung][vc_column_text]<img loading=\"lazy\" decoding=\"async\" class=\"aligncenter wp-image-1307\" src=\"http:\/\/plasoliva.com\/wp-content\/uploads\/2018\/09\/SGS-brc-2018-211x300.png\" alt=\"\" width=\"140\" height=\"200\" srcset=\"https:\/\/plasoliva.com\/wp-content\/uploads\/2018\/09\/SGS-brc-2018-211x300.png 211w, https:\/\/plasoliva.com\/wp-content\/uploads\/2018\/09\/SGS-brc-2018.png 472w\" sizes=\"(max-width: 140px) 100vw, 140px\" \/><\/p>\n<p style=\"text-align: center;\"><a href=\"http:\/\/plasoliva.com\/wp-content\/uploads\/2020\/01\/BRC2019-1.pdf\" target=\"_blank\" rel=\"noopener noreferrer\">DATEI ANZEIGEN<\/a><\/p>\n<p>[\/vc_column_text][\/vc_column_inner][\/vc_row_inner][vc_empty_space][\/vc_column][\/vc_row][vc_row row_type=Formular: Erfolgsmeldungrow_full_center_contentFormular: Erfolgsmeldung][vc_column][vc_column_text]Die vom Staat und Gemeinschaften geforderten Vorschriften, Produktions-, Handhabungs- und Verarbeitungsgenehmigungen werden von uns erf\u00fcllt.<\/p>\n<p><img loading=\"lazy\" decoding=\"async\" class=\"alignnone size-full wp-image-1145\" src=\"http:\/\/plasoliva.com\/wp-content\/uploads\/2018\/08\/reg-sanitario.png\" alt=\"\" width=\"79\" height=\"90\" \/>\u00a0 \u00a0 \u00a0 \u00a0 \u00a0\u00a0\u00a0 \u00a0<img loading=\"lazy\" decoding=\"async\" class=\"alignnone size-full wp-image-1146\" src=\"http:\/\/plasoliva.com\/wp-content\/uploads\/2018\/08\/ria.png\" alt=\"\" width=\"76\" height=\"90\" \/>\u00a0 \u00a0 \u00a0 \u00a0 \u00a0 \u00a0 \u00a0 \u00a0<img loading=\"lazy\" decoding=\"async\" class=\"alignnone size-full wp-image-1140\" src=\"http:\/\/plasoliva.com\/wp-content\/uploads\/2018\/08\/fda.png\" alt=\"\" width=\"79\" height=\"90\" \/>[\/vc_column_text][vc_empty_space][vc_column_text]Wir verf\u00fcgen auch \u00fcber nationale und internationale Qualit\u00e4tszertifikate, die den Verkauf gem\u00e4\u00df Qualit\u00e4tsstandards und deren Erf\u00fcllung garantieren.[\/vc_column_text][vc_empty_space][vc_column_text]<ul class=\"kiwi-logo-carousel kiwi-logo-carousel-certificados default align-center col4\"><li style=\"height:120px;\" ><div class=\"helper\" style=\"height:120px; width:160px;\" ><img decoding=\"async\" src=\"https:\/\/plasoliva.com\/wp-content\/uploads\/2018\/08\/SGS9001.png\" alt=\"SGS 9001\" title=\"SGS 9001\" style=\"max-width:160px; padding-left: 0px; padding-right:0px\" ><\/div><\/li><li style=\"height:120px;\" ><div class=\"helper\" style=\"height:120px; width:160px;\" ><img decoding=\"async\" src=\"https:\/\/plasoliva.com\/wp-content\/uploads\/2018\/08\/SGS14001.png\" alt=\"SGS 14001\" title=\"SGS 14001\" style=\"max-width:160px; padding-left: 0px; padding-right:0px\" ><\/div><\/li><li style=\"height:120px;\" ><div class=\"helper\" style=\"height:120px; width:160px;\" ><img decoding=\"async\" src=\"https:\/\/plasoliva.com\/wp-content\/uploads\/2018\/08\/kosher2.png\" alt=\"Kosher\" title=\"Kosher\" style=\"max-width:160px; padding-left: 0px; padding-right:0px\" ><\/div><\/li><li style=\"height:120px;\" ><div class=\"helper\" style=\"height:120px; width:160px;\" ><img decoding=\"async\" src=\"https:\/\/plasoliva.com\/wp-content\/uploads\/2018\/08\/ghost-r.png\" alt=\"Gost-r\" title=\"Gost-r\" style=\"max-width:160px; padding-left: 0px; padding-right:0px\" ><\/div><\/li><\/ul>[\/vc_column_text][\/vc_column][\/vc_row]<\/p>\n","protected":false},"excerpt":{"rendered":"<p>[vc_row row_type=Formular: Erfolgsmeldungrow_full_center_contentFormular: Erfolgsmeldung][vc_column][vc_column_text] Qualit\u00e4ts-, Sozial-, Umwelt- und Lebensmittelsicherheitspolitik Diese Richtlinie spiegelt das Engagement von PLASOLIVA, S.L. bei der Qualit\u00e4tssicherung der &#8230;<\/p>\n","protected":false},"author":1,"featured_media":0,"parent":0,"menu_order":0,"comment_status":"closed","ping_status":"closed","template":"","meta":{"footnotes":""},"class_list":["post-1641","page","type-page","status-publish","hentry"],"yoast_head":"<!-- This site is optimized with the Yoast SEO plugin v24.7 - https:\/\/yoast.com\/wordpress\/plugins\/seo\/ -->\r\n<title>Qualit\u00e4tspolitik - Plasoliva | Aceitunas de mesa<\/title>\r\n<meta name=\"description\" content=\"Conozca nuestra Pol\u00edtica Calidad, Social, Ambiental y de Inocuidad de los Alimentos para la gama de productos que procesamos\" \/>\r\n<meta name=\"robots\" content=\"index, follow, max-snippet:-1, max-image-preview:large, max-video-preview:-1\" \/>\r\n<link rel=\"canonical\" href=\"https:\/\/plasoliva.com\/de\/politica-calidad\/\" \/>\r\n<meta property=\"og:locale\" content=\"de_DE\" \/>\r\n<meta property=\"og:type\" content=\"article\" \/>\r\n<meta property=\"og:title\" content=\"Qualit\u00e4tspolitik - Plasoliva | Aceitunas de mesa\" \/>\r\n<meta property=\"og:description\" content=\"Conozca nuestra Pol\u00edtica Calidad, Social, Ambiental y de Inocuidad de los Alimentos para la gama de productos que procesamos\" \/>\r\n<meta property=\"og:url\" content=\"https:\/\/plasoliva.com\/politica-calidad\/\" \/>\r\n<meta property=\"og:site_name\" content=\"Plasoliva | Aceitunas de mesa\" \/>\r\n<meta property=\"article:modified_time\" content=\"2020-01-23T18:12:41+00:00\" \/>\r\n<meta property=\"og:image\" content=\"http:\/\/plasoliva.com\/wp-content\/uploads\/2017\/12\/logo-1-300x90.png\" \/>\r\n<meta name=\"twitter:card\" content=\"summary_large_image\" \/>\r\n<meta name=\"twitter:label1\" content=\"Gesch\u00e4tzte Lesezeit\" \/>\n\t<meta name=\"twitter:data1\" content=\"3\u00a0Minuten\" \/>\r\n<script type=\"application\/ld+json\" class=\"yoast-schema-graph\">{\"@context\":\"https:\/\/schema.org\",\"@graph\":[{\"@type\":\"WebPage\",\"@id\":\"https:\/\/plasoliva.com\/politica-calidad\/\",\"url\":\"https:\/\/plasoliva.com\/politica-calidad\/\",\"name\":\"Qualit\u00e4tspolitik - Plasoliva | Aceitunas de mesa\",\"isPartOf\":{\"@id\":\"https:\/\/plasoliva.com\/#website\"},\"primaryImageOfPage\":{\"@id\":\"https:\/\/plasoliva.com\/politica-calidad\/#primaryimage\"},\"image\":{\"@id\":\"https:\/\/plasoliva.com\/politica-calidad\/#primaryimage\"},\"thumbnailUrl\":\"http:\/\/plasoliva.com\/wp-content\/uploads\/2017\/12\/logo-1-300x90.png\",\"datePublished\":\"2018-03-09T16:36:41+00:00\",\"dateModified\":\"2020-01-23T18:12:41+00:00\",\"description\":\"Conozca nuestra Pol\u00edtica Calidad, Social, Ambiental y de Inocuidad de los Alimentos para la gama de productos que procesamos\",\"breadcrumb\":{\"@id\":\"https:\/\/plasoliva.com\/politica-calidad\/#breadcrumb\"},\"inLanguage\":\"de\",\"potentialAction\":[{\"@type\":\"ReadAction\",\"target\":[\"https:\/\/plasoliva.com\/politica-calidad\/\"]}]},{\"@type\":\"ImageObject\",\"inLanguage\":\"de\",\"@id\":\"https:\/\/plasoliva.com\/politica-calidad\/#primaryimage\",\"url\":\"http:\/\/plasoliva.com\/wp-content\/uploads\/2017\/12\/logo-1-300x90.png\",\"contentUrl\":\"http:\/\/plasoliva.com\/wp-content\/uploads\/2017\/12\/logo-1-300x90.png\"},{\"@type\":\"BreadcrumbList\",\"@id\":\"https:\/\/plasoliva.com\/politica-calidad\/#breadcrumb\",\"itemListElement\":[{\"@type\":\"ListItem\",\"position\":1,\"name\":\"Portada\",\"item\":\"https:\/\/plasoliva.com\/\"},{\"@type\":\"ListItem\",\"position\":2,\"name\":\"Qualit\u00e4tspolitik\"}]},{\"@type\":\"WebSite\",\"@id\":\"https:\/\/plasoliva.com\/#website\",\"url\":\"https:\/\/plasoliva.com\/\",\"name\":\"Plasoliva | Aceitunas de mesa\",\"description\":\"Envasadora y comercializadora de aceitunas de mesa manzanilla cacere\u00f1a.\",\"potentialAction\":[{\"@type\":\"SearchAction\",\"target\":{\"@type\":\"EntryPoint\",\"urlTemplate\":\"https:\/\/plasoliva.com\/?s={search_term_string}\"},\"query-input\":{\"@type\":\"PropertyValueSpecification\",\"valueRequired\":true,\"valueName\":\"search_term_string\"}}],\"inLanguage\":\"de\"}]}<\/script>\r\n<!-- \/ Yoast SEO plugin. -->","yoast_head_json":{"title":"Qualit\u00e4tspolitik - Plasoliva | Aceitunas de mesa","description":"Conozca nuestra Pol\u00edtica Calidad, Social, Ambiental y de Inocuidad de los Alimentos para la gama de productos que procesamos","robots":{"index":"index","follow":"follow","max-snippet":"max-snippet:-1","max-image-preview":"max-image-preview:large","max-video-preview":"max-video-preview:-1"},"canonical":"https:\/\/plasoliva.com\/de\/politica-calidad\/","og_locale":"de_DE","og_type":"article","og_title":"Qualit\u00e4tspolitik - Plasoliva | Aceitunas de mesa","og_description":"Conozca nuestra Pol\u00edtica Calidad, Social, Ambiental y de Inocuidad de los Alimentos para la gama de productos que procesamos","og_url":"https:\/\/plasoliva.com\/politica-calidad\/","og_site_name":"Plasoliva | Aceitunas de mesa","article_modified_time":"2020-01-23T18:12:41+00:00","og_image":[{"url":"http:\/\/plasoliva.com\/wp-content\/uploads\/2017\/12\/logo-1-300x90.png","type":"","width":"","height":""}],"twitter_card":"summary_large_image","twitter_misc":{"Gesch\u00e4tzte Lesezeit":"3\u00a0Minuten"},"schema":{"@context":"https:\/\/schema.org","@graph":[{"@type":"WebPage","@id":"https:\/\/plasoliva.com\/politica-calidad\/","url":"https:\/\/plasoliva.com\/politica-calidad\/","name":"Qualit\u00e4tspolitik - Plasoliva | Aceitunas de mesa","isPartOf":{"@id":"https:\/\/plasoliva.com\/#website"},"primaryImageOfPage":{"@id":"https:\/\/plasoliva.com\/politica-calidad\/#primaryimage"},"image":{"@id":"https:\/\/plasoliva.com\/politica-calidad\/#primaryimage"},"thumbnailUrl":"http:\/\/plasoliva.com\/wp-content\/uploads\/2017\/12\/logo-1-300x90.png","datePublished":"2018-03-09T16:36:41+00:00","dateModified":"2020-01-23T18:12:41+00:00","description":"Conozca nuestra Pol\u00edtica Calidad, Social, Ambiental y de Inocuidad de los Alimentos para la gama de productos que procesamos","breadcrumb":{"@id":"https:\/\/plasoliva.com\/politica-calidad\/#breadcrumb"},"inLanguage":"de","potentialAction":[{"@type":"ReadAction","target":["https:\/\/plasoliva.com\/politica-calidad\/"]}]},{"@type":"ImageObject","inLanguage":"de","@id":"https:\/\/plasoliva.com\/politica-calidad\/#primaryimage","url":"http:\/\/plasoliva.com\/wp-content\/uploads\/2017\/12\/logo-1-300x90.png","contentUrl":"http:\/\/plasoliva.com\/wp-content\/uploads\/2017\/12\/logo-1-300x90.png"},{"@type":"BreadcrumbList","@id":"https:\/\/plasoliva.com\/politica-calidad\/#breadcrumb","itemListElement":[{"@type":"ListItem","position":1,"name":"Portada","item":"https:\/\/plasoliva.com\/"},{"@type":"ListItem","position":2,"name":"Qualit\u00e4tspolitik"}]},{"@type":"WebSite","@id":"https:\/\/plasoliva.com\/#website","url":"https:\/\/plasoliva.com\/","name":"Plasoliva | Aceitunas de mesa","description":"Envasadora y comercializadora de aceitunas de mesa manzanilla cacere\u00f1a.","potentialAction":[{"@type":"SearchAction","target":{"@type":"EntryPoint","urlTemplate":"https:\/\/plasoliva.com\/?s={search_term_string}"},"query-input":{"@type":"PropertyValueSpecification","valueRequired":true,"valueName":"search_term_string"}}],"inLanguage":"de"}]}},"_links":{"self":[{"href":"https:\/\/plasoliva.com\/de\/wp-json\/wp\/v2\/pages\/1641\/"}],"collection":[{"href":"https:\/\/plasoliva.com\/de\/wp-json\/wp\/v2\/pages\/"}],"about":[{"href":"https:\/\/plasoliva.com\/de\/wp-json\/wp\/v2\/types\/page\/"}],"author":[{"embeddable":true,"href":"https:\/\/plasoliva.com\/de\/wp-json\/wp\/v2\/users\/1\/"}],"replies":[{"embeddable":true,"href":"https:\/\/plasoliva.com\/de\/wp-json\/wp\/v2\/comments\/?post=1641"}],"version-history":[{"count":7,"href":"https:\/\/plasoliva.com\/de\/wp-json\/wp\/v2\/pages\/1641\/revisions\/"}],"predecessor-version":[{"id":1804,"href":"https:\/\/plasoliva.com\/de\/wp-json\/wp\/v2\/pages\/1641\/revisions\/1804\/"}],"wp:attachment":[{"href":"https:\/\/plasoliva.com\/de\/wp-json\/wp\/v2\/media\/?parent=1641"}],"curies":[{"name":"wp","href":"https:\/\/api.w.org\/{rel}","templated":true}]}}