{"id":1635,"date":"2015-02-05T10:22:10","date_gmt":"2015-02-05T10:22:10","guid":{"rendered":"http:\/\/plasoliva.com\/contacto\/"},"modified":"2019-09-16T21:50:49","modified_gmt":"2019-09-16T19:50:49","slug":"kontakt","status":"publish","type":"page","link":"https:\/\/plasoliva.com\/de\/kontakt\/","title":{"rendered":"Kontakt"},"content":{"rendered":"<p>[vc_row row_type=Formular: Erfolgsmeldungrow_full_center_contentFormular: Erfolgsmeldung padding_top=Formular: Erfolgsmeldung10Erhalten Sie eine \u00dcbersetzungsanleitung][vc_column width=Formular: Erfolgsmeldung1\/2Erhalten Sie eine \u00dcbersetzungsanleitung]\r\n\t<div class=\"custom-heading wpb_content_element \">\r\n\t\t<h2 class=\"heading-title\" >Kontakt<\/h2>\r\n\t\t<span class=\"heading-line primary\"><\/span>\r\n\t<\/div>[vc_column_text]Die Produktionsst\u00e4tte von Plasoliva befindet sich in Eljas, in der Provinz C\u00e1ceres, einer Stadt in der Sierra de Gata, einer Region, die sich durch die Produktion von C\u00e1ceres Oliven auszeichnet. In einem kontinuierlichen Modernisierungs- und Verbesserungsprozess wurde unsere Fabrik das neuralgische Zentrum all unserer Aktivit\u00e4ten.<\/p>\n<h4>Formular: Pflichtangaben-MeldungDas M\u00e4dchen mit dem h\u00fcbschen Gesicht pfl\u00fcckt Oliven. Der Wind, galant von T\u00fcrmen, nimmt sie an der Taille.Formular: Erfolgsmeldung<\/h4>\n<p><strong><em>Federico Garc\u00eda Lorca<\/em><\/strong>[\/vc_column_text]\n<div class=\"wpcf7 no-js\" id=\"wpcf7-f1752-o1\" lang=\"en-US\" dir=\"ltr\">\n<div class=\"screen-reader-response\"><p role=\"status\" aria-live=\"polite\" aria-atomic=\"true\"><\/p> <ul><\/ul><\/div>\n<form action=\"\/de\/wp-json\/wp\/v2\/pages\/1635#wpcf7-f1752-o1\" method=\"post\" class=\"wpcf7-form init\" aria-label=\"Contact form\" novalidate=\"novalidate\" data-status=\"init\">\n<div style=\"display: none;\">\n<input type=\"hidden\" name=\"_wpcf7\" value=\"1752\" \/>\n<input type=\"hidden\" name=\"_wpcf7_version\" value=\"5.9.8\" \/>\n<input type=\"hidden\" name=\"_wpcf7_locale\" value=\"en_US\" \/>\n<input type=\"hidden\" name=\"_wpcf7_unit_tag\" value=\"wpcf7-f1752-o1\" \/>\n<input type=\"hidden\" name=\"_wpcf7_container_post\" value=\"0\" \/>\n<input type=\"hidden\" name=\"_wpcf7_posted_data_hash\" value=\"\" \/>\n<\/div>\n<div class=\"form_1_2\">\n\t<p><span class=\"wpcf7-form-control-wrap\" data-name=\"first-name\"><input size=\"40\" maxlength=\"400\" class=\"wpcf7-form-control wpcf7-text wpcf7-validates-as-required\" aria-required=\"true\" aria-invalid=\"false\" placeholder=\"Vorname *\" value=\"\" type=\"text\" name=\"first-name\" \/><\/span>\n\t<\/p>\n<\/div>\n<div class=\"form_1_2 last\">\n\t<p><span class=\"wpcf7-form-control-wrap\" data-name=\"last-name\"><input size=\"40\" maxlength=\"400\" class=\"wpcf7-form-control wpcf7-text wpcf7-validates-as-required\" aria-required=\"true\" aria-invalid=\"false\" placeholder=\"Nachname *\" value=\"\" type=\"text\" name=\"last-name\" \/><\/span>\n\t<\/p>\n<\/div>\n<div class=\"clear\">\n<\/div>\n<div class=\"form_1_2\">\n\t<p><span class=\"wpcf7-form-control-wrap\" data-name=\"your-email\"><input size=\"40\" maxlength=\"400\" class=\"wpcf7-form-control wpcf7-email wpcf7-validates-as-required wpcf7-text wpcf7-validates-as-email\" aria-required=\"true\" aria-invalid=\"false\" placeholder=\"Email *\" value=\"\" type=\"email\" name=\"your-email\" \/><\/span>\n\t<\/p>\n<\/div>\n<div class=\"form_1_2 last\">\n\t<p><span class=\"wpcf7-form-control-wrap\" data-name=\"tel-879\"><input size=\"40\" maxlength=\"400\" class=\"wpcf7-form-control wpcf7-tel wpcf7-validates-as-required wpcf7-text wpcf7-validates-as-tel\" aria-required=\"true\" aria-invalid=\"false\" placeholder=\"Telefon *\" value=\"\" type=\"tel\" name=\"tel-879\" \/><\/span>\n\t<\/p>\n<\/div>\n<div class=\"clear\">\n<\/div>\n<p><span class=\"wpcf7-form-control-wrap\" data-name=\"your-subject\"><input size=\"40\" maxlength=\"400\" class=\"wpcf7-form-control wpcf7-text\" aria-invalid=\"false\" placeholder=\"Betreff\" value=\"\" type=\"text\" name=\"your-subject\" \/><\/span>\n<\/p>\n<p><span class=\"wpcf7-form-control-wrap\" data-name=\"your-message\"><textarea cols=\"40\" rows=\"10\" maxlength=\"2000\" class=\"wpcf7-form-control wpcf7-textarea\" aria-invalid=\"false\" placeholder=\"Nachricht\" name=\"your-message\"><\/textarea><\/span>\n<\/p>\n<div>\n\t<p>Das folgende Formular wird nur zur Beantwortung (falls zutreffend) Ihrer Fragen verwendet und danach werden Ihre Kontaktdaten gel\u00f6scht.\n\t<\/p>\n<\/div>\n<p><span class=\"wpcf7-form-control-wrap\" data-name=\"aceptacion\"><span class=\"wpcf7-form-control wpcf7-acceptance optional\"><span class=\"wpcf7-list-item\"><label><input type=\"checkbox\" name=\"aceptacion\" value=\"1\" aria-invalid=\"false\" \/><span class=\"wpcf7-list-item-label\">Ich akzeptiere die Verwendung meiner personenbezogenen Daten in \u00dcbereinstimmung mit den <a href=\"\/legal\" target=\"_blank\">Datenschutzbestimmungen<\/a><\/span><\/label><\/span><\/span><\/span>\n<\/p>\n<p><input class=\"wpcf7-form-control wpcf7-submit has-spinner btn btn-large btn-secondary\" type=\"submit\" value=\"Senden\" \/>\n<\/p><div class=\"wpcf7-response-output\" aria-hidden=\"true\"><\/div>\n<\/form>\n<\/div>\n[\/vc_column][vc_column width=Formular: Erfolgsmeldung1\/2Erhalten Sie eine \u00dcbersetzungsanleitung][vc_row_inner][vc_column_inner width=Formular: Erfolgsmeldung1\/2Erhalten Sie eine \u00dcbersetzungsanleitung css=Formular: Erfolgsmeldung.vc_custom_1423767656799{margin-top: 60px !important;margin-bottom: 40px !important;}Formular: Erfolgsmeldung][vc_column_text]<\/p>\n<h4>ADRESSE<\/h4>\n<p>Ctra. San Martin de Trevejo Zur\u00fcck zur vorherigen Seite Eljas<br \/>\n10891 Eljas Zur\u00fcck zur vorherigen Seite C\u00e1ceres<br \/>\nEspa\u00f1a[\/vc_column_text][\/vc_column_inner][vc_column_inner width=Formular: Erfolgsmeldung1\/2Erhalten Sie eine \u00dcbersetzungsanleitung css=Formular: Erfolgsmeldung.vc_custom_1423767662799{margin-top: 60px !important;margin-bottom: 40px !important;}Formular: Erfolgsmeldung][vc_column_text]<\/p>\n<h4>KONTAKTM\u00d6GLICHKEITEN<\/h4>\n<p>+34 (927) 513179<br \/>\n<a href=\"mailto:info@plasoliva.com\" target=\"_blank\" rel=\"noopener\">info@plasoliva.com<\/a>[\/vc_column_text][\/vc_column_inner][\/vc_row_inner][vc_column_text]<iframe loading=\"lazy\" style=\"border: 0;\" src=\"https:\/\/www.google.com\/maps\/embed?pb=!1m18!1m12!1m3!1d48752.095507650956!2d-6.851380421338422!3d40.20893016374125!2m3!1f0!2f0!3f0!3m2!1i1024!2i768!4f13.1!3m3!1m2!1s0xd3dbb009ffcb4a1%3A0x4a0b0c0aea726338!2sPlasoliva%2C+S.L.!5e0!3m2!1ses!2ses!4v1535636101550\" width=\"100%\" height=\"415\" frameborder=\"0\" allowfullscreen=\"allowfullscreen\"><\/iframe>[\/vc_column_text][\/vc_column][\/vc_row]<\/p>\n","protected":false},"excerpt":{"rendered":"<p>[vc_row row_type=Formular: Erfolgsmeldungrow_full_center_contentFormular: Erfolgsmeldung padding_top=Formular: Erfolgsmeldung10Erhalten Sie eine \u00dcbersetzungsanleitung][vc_column width=Formular: Erfolgsmeldung1\/2Erhalten Sie eine \u00dcbersetzungsanleitung][vc_column_text]Die Produktionsst\u00e4tte von Plasoliva befindet sich in Eljas, &#8230;<\/p>\n","protected":false},"author":1,"featured_media":0,"parent":0,"menu_order":0,"comment_status":"open","ping_status":"open","template":"","meta":{"footnotes":""},"class_list":["post-1635","page","type-page","status-publish","hentry"],"yoast_head":"<!-- This site is optimized with the Yoast SEO plugin v24.7 - https:\/\/yoast.com\/wordpress\/plugins\/seo\/ -->\r\n<title>Kontakt - Plasoliva | Aceitunas de mesa<\/title>\r\n<meta name=\"robots\" content=\"index, follow, max-snippet:-1, max-image-preview:large, max-video-preview:-1\" \/>\r\n<link rel=\"canonical\" href=\"https:\/\/plasoliva.com\/de\/contacto\/\" \/>\r\n<meta property=\"og:locale\" content=\"de_DE\" \/>\r\n<meta property=\"og:type\" content=\"article\" \/>\r\n<meta property=\"og:title\" content=\"Kontakt - Plasoliva | Aceitunas de mesa\" \/>\r\n<meta property=\"og:description\" content=\"[vc_row row_type=Formular: Erfolgsmeldungrow_full_center_contentFormular: Erfolgsmeldung padding_top=Formular: Erfolgsmeldung10Erhalten Sie eine \u00dcbersetzungsanleitung][vc_column width=Formular: Erfolgsmeldung1\/2Erhalten Sie eine \u00dcbersetzungsanleitung][vc_column_text]Die Produktionsst\u00e4tte von Plasoliva befindet sich in Eljas, ...\" \/>\r\n<meta property=\"og:url\" content=\"https:\/\/plasoliva.com\/contacto\/\" \/>\r\n<meta property=\"og:site_name\" content=\"Plasoliva | Aceitunas de mesa\" \/>\r\n<meta property=\"article:modified_time\" content=\"2019-09-16T19:50:49+00:00\" \/>\r\n<meta name=\"twitter:card\" content=\"summary_large_image\" \/>\r\n<meta name=\"twitter:label1\" content=\"Gesch\u00e4tzte Lesezeit\" \/>\n\t<meta name=\"twitter:data1\" content=\"1\u00a0Minute\" \/>\r\n<script type=\"application\/ld+json\" class=\"yoast-schema-graph\">{\"@context\":\"https:\/\/schema.org\",\"@graph\":[{\"@type\":\"WebPage\",\"@id\":\"https:\/\/plasoliva.com\/contacto\/\",\"url\":\"https:\/\/plasoliva.com\/contacto\/\",\"name\":\"Kontakt - Plasoliva | Aceitunas de mesa\",\"isPartOf\":{\"@id\":\"https:\/\/plasoliva.com\/#website\"},\"datePublished\":\"2015-02-05T10:22:10+00:00\",\"dateModified\":\"2019-09-16T19:50:49+00:00\",\"breadcrumb\":{\"@id\":\"https:\/\/plasoliva.com\/contacto\/#breadcrumb\"},\"inLanguage\":\"de\",\"potentialAction\":[{\"@type\":\"ReadAction\",\"target\":[\"https:\/\/plasoliva.com\/contacto\/\"]}]},{\"@type\":\"BreadcrumbList\",\"@id\":\"https:\/\/plasoliva.com\/contacto\/#breadcrumb\",\"itemListElement\":[{\"@type\":\"ListItem\",\"position\":1,\"name\":\"Portada\",\"item\":\"https:\/\/plasoliva.com\/\"},{\"@type\":\"ListItem\",\"position\":2,\"name\":\"Kontakt\"}]},{\"@type\":\"WebSite\",\"@id\":\"https:\/\/plasoliva.com\/#website\",\"url\":\"https:\/\/plasoliva.com\/\",\"name\":\"Plasoliva | Aceitunas de mesa\",\"description\":\"Envasadora y comercializadora de aceitunas de mesa manzanilla cacere\u00f1a.\",\"potentialAction\":[{\"@type\":\"SearchAction\",\"target\":{\"@type\":\"EntryPoint\",\"urlTemplate\":\"https:\/\/plasoliva.com\/?s={search_term_string}\"},\"query-input\":{\"@type\":\"PropertyValueSpecification\",\"valueRequired\":true,\"valueName\":\"search_term_string\"}}],\"inLanguage\":\"de\"}]}<\/script>\r\n<!-- \/ Yoast SEO plugin. -->","yoast_head_json":{"title":"Kontakt - Plasoliva | Aceitunas de mesa","robots":{"index":"index","follow":"follow","max-snippet":"max-snippet:-1","max-image-preview":"max-image-preview:large","max-video-preview":"max-video-preview:-1"},"canonical":"https:\/\/plasoliva.com\/de\/contacto\/","og_locale":"de_DE","og_type":"article","og_title":"Kontakt - Plasoliva | Aceitunas de mesa","og_description":"[vc_row row_type=Formular: Erfolgsmeldungrow_full_center_contentFormular: Erfolgsmeldung padding_top=Formular: Erfolgsmeldung10Erhalten Sie eine \u00dcbersetzungsanleitung][vc_column width=Formular: Erfolgsmeldung1\/2Erhalten Sie eine \u00dcbersetzungsanleitung][vc_column_text]Die Produktionsst\u00e4tte von Plasoliva befindet sich in Eljas, ...","og_url":"https:\/\/plasoliva.com\/contacto\/","og_site_name":"Plasoliva | Aceitunas de mesa","article_modified_time":"2019-09-16T19:50:49+00:00","twitter_card":"summary_large_image","twitter_misc":{"Gesch\u00e4tzte Lesezeit":"1\u00a0Minute"},"schema":{"@context":"https:\/\/schema.org","@graph":[{"@type":"WebPage","@id":"https:\/\/plasoliva.com\/contacto\/","url":"https:\/\/plasoliva.com\/contacto\/","name":"Kontakt - Plasoliva | Aceitunas de mesa","isPartOf":{"@id":"https:\/\/plasoliva.com\/#website"},"datePublished":"2015-02-05T10:22:10+00:00","dateModified":"2019-09-16T19:50:49+00:00","breadcrumb":{"@id":"https:\/\/plasoliva.com\/contacto\/#breadcrumb"},"inLanguage":"de","potentialAction":[{"@type":"ReadAction","target":["https:\/\/plasoliva.com\/contacto\/"]}]},{"@type":"BreadcrumbList","@id":"https:\/\/plasoliva.com\/contacto\/#breadcrumb","itemListElement":[{"@type":"ListItem","position":1,"name":"Portada","item":"https:\/\/plasoliva.com\/"},{"@type":"ListItem","position":2,"name":"Kontakt"}]},{"@type":"WebSite","@id":"https:\/\/plasoliva.com\/#website","url":"https:\/\/plasoliva.com\/","name":"Plasoliva | Aceitunas de mesa","description":"Envasadora y comercializadora de aceitunas de mesa manzanilla cacere\u00f1a.","potentialAction":[{"@type":"SearchAction","target":{"@type":"EntryPoint","urlTemplate":"https:\/\/plasoliva.com\/?s={search_term_string}"},"query-input":{"@type":"PropertyValueSpecification","valueRequired":true,"valueName":"search_term_string"}}],"inLanguage":"de"}]}},"_links":{"self":[{"href":"https:\/\/plasoliva.com\/de\/wp-json\/wp\/v2\/pages\/1635\/"}],"collection":[{"href":"https:\/\/plasoliva.com\/de\/wp-json\/wp\/v2\/pages\/"}],"about":[{"href":"https:\/\/plasoliva.com\/de\/wp-json\/wp\/v2\/types\/page\/"}],"author":[{"embeddable":true,"href":"https:\/\/plasoliva.com\/de\/wp-json\/wp\/v2\/users\/1\/"}],"replies":[{"embeddable":true,"href":"https:\/\/plasoliva.com\/de\/wp-json\/wp\/v2\/comments\/?post=1635"}],"version-history":[{"count":5,"href":"https:\/\/plasoliva.com\/de\/wp-json\/wp\/v2\/pages\/1635\/revisions\/"}],"predecessor-version":[{"id":1753,"href":"https:\/\/plasoliva.com\/de\/wp-json\/wp\/v2\/pages\/1635\/revisions\/1753\/"}],"wp:attachment":[{"href":"https:\/\/plasoliva.com\/de\/wp-json\/wp\/v2\/media\/?parent=1635"}],"curies":[{"name":"wp","href":"https:\/\/api.w.org\/{rel}","templated":true}]}}