{"id":1602,"date":"2017-11-28T07:16:24","date_gmt":"2017-11-28T13:16:24","guid":{"rendered":"http:\/\/plasoliva.com\/quienes-somos\/"},"modified":"2019-04-22T13:44:56","modified_gmt":"2019-04-22T11:44:56","slug":"wer-wir-sind","status":"publish","type":"page","link":"https:\/\/plasoliva.com\/de\/wer-wir-sind\/","title":{"rendered":"Wer wir sind"},"content":{"rendered":"<p>[vc_row row_type=Formular: Erfolgsmeldungrow_full_center_contentFormular: Erfolgsmeldung padding_top=Formular: Erfolgsmeldung10Erhalten Sie eine \u00dcbersetzungsanleitung padding_bottom=Formular: Erfolgsmeldung10Erhalten Sie eine \u00dcbersetzungsanleitung][vc_column]\r\n\t<div class=\"custom-heading wpb_content_element  heading-medium\">\r\n\t\t<h2 class=\"heading-title\" >GESCHICHTE<\/h2>\r\n\t\t<span class=\"heading-line primary\"><\/span>\r\n\t<\/div>[vc_column_text]Die Familientradition reicht bis Anfang 1980 zur\u00fcck als wir begannen, die Manzanilla Cacere\u00f1a Olive als Tafelolive wegen ihrer unvergleichlichen Eigenschaften f\u00fcr diesen Zweck zu vermarkten.<\/p>\n<p>Die Entwicklung der vergangenen Jahre und steigende Ums\u00e4tze brachten uns dazu, 2001 <strong>Plasoliva<\/strong> in der Gemeinde Eljas in der Sierra de Gata zu gr\u00fcnden. Heute unser Flaggschiff f\u00fcr die Verpackung und Vermarktung von Tafeloliven f\u00fcr unsere Kunden weltweit.[\/vc_column_text][vc_empty_space][\/vc_column][\/vc_row][vc_row row_type=Formular: Erfolgsmeldungrow_full_center_contentFormular: Erfolgsmeldung bg_image=Formular: Erfolgsmeldung1387Erhalten Sie eine \u00dcbersetzungsanleitung row_parallax=Formular: ErfolgsmeldungfalseFormular: Erfolgsmeldung padding_bottom=Formular: Erfolgsmeldung0Erhalten Sie eine \u00dcbersetzungsanleitung][vc_column][vc_row_inner][vc_column_inner width=Formular: Erfolgsmeldung1\/2Erhalten Sie eine \u00dcbersetzungsanleitung][\/vc_column_inner][vc_column_inner width=Formular: Erfolgsmeldung1\/2Erhalten Sie eine \u00dcbersetzungsanleitung][vc_empty_space]\r\n\t<div class=\"custom-heading wpb_content_element \" style=\"margin-bottom: 32px;\">\r\n\t\t<h2 class=\"heading-title\"  style=\"color: #ffffff;\">DAS TEAM<\/h2>\r\n\t\t<span class=\"heading-line primary\"><\/span>\r\n\t<\/div>[vc_column_text]Das beste Produkt zu haben, ist nicht alles. Die Ausbildung und Professionalit\u00e4t unserer Mitarbeiter ist unerl\u00e4sslich. Wir wissen, dass Menschen unser wertvollstes Kapital sind.<\/p>\n<p>Bei Plasoliva glauben wir, dass der beste Weg, unsere Kunden zufrieden zu stellen, das Engagement f\u00fcr unsere Mitarbeiter und Partner ist. Kontinuierliche Weiterbildung, die F\u00f6rderung von Innovationen, die Suche nach Effizienz, der Antrieb der beruflichen Karriere, die Schaffung einer stabilen und qualitativ hochwertigen Besch\u00e4ftigung und die Beteiligung und Verkn\u00fcpfung der Mitarbeiter mit den Zielen des Unternehmens, sind unsere St\u00e4rke. Wir sind stolz darauf, zur Entwicklung der Unternehmens- und Produktionsstruktur der Extremadura beizutragen.[\/vc_column_text][\/vc_column_inner][\/vc_row_inner][vc_empty_space height=Formular: Erfolgsmeldung60pxFormular: Erfolgsmeldung][vc_row_inner][vc_column_inner][vc_media_grid style=Formular: ErfolgsmeldungpaginationFormular: Erfolgsmeldung items_per_page=Formular: Erfolgsmeldung6Erhalten Sie eine \u00dcbersetzungsanleitung element_width=Formular: Erfolgsmeldung2Erhalten Sie eine \u00dcbersetzungsanleitung initial_loading_animation=Formular: ErfolgsmeldungfadeInDownFormular: Erfolgsmeldung grid_id=Formular: Erfolgsmeldungvc_gid:1555930283634-f79a5e13-5a0f-3Erhalten Sie eine \u00dcbersetzungsanleitung include=Formular: Erfolgsmeldung1615,1616,1617,1618,1619,1620Erhalten Sie eine \u00dcbersetzungsanleitung][\/vc_column_inner][\/vc_row_inner][vc_empty_space][\/vc_column][\/vc_row][vc_row row_type=Formular: Erfolgsmeldungrow_full_center_contentFormular: Erfolgsmeldung padding_bottom=Formular: Erfolgsmeldung0Erhalten Sie eine \u00dcbersetzungsanleitung][vc_column]\r\n\t<div class=\"custom-heading wpb_content_element \" style=\"margin-bottom: 32px;\">\r\n\t\t<h2 class=\"heading-title\"  style=\"color: #005032;\">ZIELSETZUNG, VISION UND WERTE<\/h2>\r\n\t\t<span class=\"heading-line primary\"><\/span>\r\n\t<\/div>[vc_column_text]Die Cacere\u00f1a Oliven h\u00f6chster Qualit\u00e4t auszuw\u00e4hlen, zu marinieren und zu verpacken und auf nationaler und internationaler Ebene zu vermarkten.<\/p>\n<p>Die Referenzfirma auf dem Markt (national und international) der Cacere\u00f1a Tafelolive zu sein. Wegen der Qualit\u00e4t ihrer Produkte, dem Engagement bei ihren Lieferanten, der Treue ihrer Kunden und wegen ihres Gleichgewichts zwischen Produktion und Verkauf.<\/p>\n<p>Qualit\u00e4t: Wir lieben es, unsere Arbeit gut zu machen und das bedeutet die Suche nach maximaler Qualit\u00e4t, in allen Aspekten: in unseren Prozessen, in unseren Produkten und in unseren internen und externen Beziehungen. Wir lieben, was wir tun, wie man sehen kann.<\/p>\n<p>Engagement: Unsere Arbeit wird mit gr\u00f6\u00dfter Verantwortung und Respekt gegen\u00fcber unseren Mitarbeitern, Lieferanten, Kunden, Institutionen und vor allem der Umwelt durchgef\u00fchrt.<\/p>\n<p>Transparenz: Sie entsteht durch die Professionalit\u00e4t, die wir in allen unseren Produktionsprozessen, sowie in allen kaufm\u00e4nnischen Bereichen anwenden. Diese Transparenz ist auch Vertrauen in uns, in unser Tun und das Vertrauen das uns entgegengebracht wird. Unsere T\u00fcren stehen immer offen, um zu zeigen, was wir tun und wie wir es tun.<\/p>\n<p>Innovation: Wir streben nach H\u00f6chstleistungen, indem wir daran arbeiten, die fortschrittlichste Technik und Mittel, sowohl materielle als auch immaterielle, in alle Bereiche unserer T\u00e4tigkeit zu integrieren.<\/p>\n<p>Tradition: Als Erben eines alten \u00fcberlieferten Wirtschaftszweigs, sind wir bestrebt, das Beste aus der Tradition des Olivenanbaus zu bewahren, ohne auf die Technik zu verzichten. Unser Land, unsere Umwelt und unsere Geschichte, sind Teil unseres Kulturerbes und wir sind stolz darauf.[\/vc_column_text][\/vc_column][\/vc_row]<\/p>\n","protected":false},"excerpt":{"rendered":"<p>[vc_row row_type=Formular: Erfolgsmeldungrow_full_center_contentFormular: Erfolgsmeldung padding_top=Formular: Erfolgsmeldung10Erhalten Sie eine \u00dcbersetzungsanleitung padding_bottom=Formular: Erfolgsmeldung10Erhalten Sie eine \u00dcbersetzungsanleitung][vc_column][vc_column_text]Die Familientradition reicht bis Anfang 1980 zur\u00fcck als &#8230;<\/p>\n","protected":false},"author":1,"featured_media":0,"parent":0,"menu_order":0,"comment_status":"closed","ping_status":"open","template":"","meta":{"footnotes":""},"class_list":["post-1602","page","type-page","status-publish","hentry"],"yoast_head":"<!-- This site is optimized with the Yoast SEO plugin v24.7 - https:\/\/yoast.com\/wordpress\/plugins\/seo\/ -->\r\n<title>Wer wir sind - Plasoliva | Aceitunas de mesa<\/title>\r\n<meta name=\"robots\" content=\"index, follow, max-snippet:-1, max-image-preview:large, max-video-preview:-1\" \/>\r\n<link rel=\"canonical\" href=\"https:\/\/plasoliva.com\/de\/quienes-somos\/\" \/>\r\n<meta property=\"og:locale\" content=\"de_DE\" \/>\r\n<meta property=\"og:type\" content=\"article\" \/>\r\n<meta property=\"og:title\" content=\"Wer wir sind - Plasoliva | Aceitunas de mesa\" \/>\r\n<meta property=\"og:description\" content=\"[vc_row row_type=Formular: Erfolgsmeldungrow_full_center_contentFormular: Erfolgsmeldung padding_top=Formular: Erfolgsmeldung10Erhalten Sie eine \u00dcbersetzungsanleitung padding_bottom=Formular: Erfolgsmeldung10Erhalten Sie eine \u00dcbersetzungsanleitung][vc_column][vc_column_text]Die Familientradition reicht bis Anfang 1980 zur\u00fcck als ...\" \/>\r\n<meta property=\"og:url\" content=\"https:\/\/plasoliva.com\/quienes-somos\/\" \/>\r\n<meta property=\"og:site_name\" content=\"Plasoliva | Aceitunas de mesa\" \/>\r\n<meta property=\"article:modified_time\" content=\"2019-04-22T11:44:56+00:00\" \/>\r\n<meta name=\"twitter:card\" content=\"summary_large_image\" \/>\r\n<meta name=\"twitter:label1\" content=\"Gesch\u00e4tzte Lesezeit\" \/>\n\t<meta name=\"twitter:data1\" content=\"3\u00a0Minuten\" \/>\r\n<script type=\"application\/ld+json\" class=\"yoast-schema-graph\">{\"@context\":\"https:\/\/schema.org\",\"@graph\":[{\"@type\":\"WebPage\",\"@id\":\"https:\/\/plasoliva.com\/quienes-somos\/\",\"url\":\"https:\/\/plasoliva.com\/quienes-somos\/\",\"name\":\"Wer wir sind - Plasoliva | Aceitunas de mesa\",\"isPartOf\":{\"@id\":\"https:\/\/plasoliva.com\/#website\"},\"datePublished\":\"2017-11-28T13:16:24+00:00\",\"dateModified\":\"2019-04-22T11:44:56+00:00\",\"breadcrumb\":{\"@id\":\"https:\/\/plasoliva.com\/quienes-somos\/#breadcrumb\"},\"inLanguage\":\"de\",\"potentialAction\":[{\"@type\":\"ReadAction\",\"target\":[\"https:\/\/plasoliva.com\/quienes-somos\/\"]}]},{\"@type\":\"BreadcrumbList\",\"@id\":\"https:\/\/plasoliva.com\/quienes-somos\/#breadcrumb\",\"itemListElement\":[{\"@type\":\"ListItem\",\"position\":1,\"name\":\"Portada\",\"item\":\"https:\/\/plasoliva.com\/\"},{\"@type\":\"ListItem\",\"position\":2,\"name\":\"Wer wir sind\"}]},{\"@type\":\"WebSite\",\"@id\":\"https:\/\/plasoliva.com\/#website\",\"url\":\"https:\/\/plasoliva.com\/\",\"name\":\"Plasoliva | Aceitunas de mesa\",\"description\":\"Envasadora y comercializadora de aceitunas de mesa manzanilla cacere\u00f1a.\",\"potentialAction\":[{\"@type\":\"SearchAction\",\"target\":{\"@type\":\"EntryPoint\",\"urlTemplate\":\"https:\/\/plasoliva.com\/?s={search_term_string}\"},\"query-input\":{\"@type\":\"PropertyValueSpecification\",\"valueRequired\":true,\"valueName\":\"search_term_string\"}}],\"inLanguage\":\"de\"}]}<\/script>\r\n<!-- \/ Yoast SEO plugin. -->","yoast_head_json":{"title":"Wer wir sind - Plasoliva | Aceitunas de mesa","robots":{"index":"index","follow":"follow","max-snippet":"max-snippet:-1","max-image-preview":"max-image-preview:large","max-video-preview":"max-video-preview:-1"},"canonical":"https:\/\/plasoliva.com\/de\/quienes-somos\/","og_locale":"de_DE","og_type":"article","og_title":"Wer wir sind - Plasoliva | Aceitunas de mesa","og_description":"[vc_row row_type=Formular: Erfolgsmeldungrow_full_center_contentFormular: Erfolgsmeldung padding_top=Formular: Erfolgsmeldung10Erhalten Sie eine \u00dcbersetzungsanleitung padding_bottom=Formular: Erfolgsmeldung10Erhalten Sie eine \u00dcbersetzungsanleitung][vc_column][vc_column_text]Die Familientradition reicht bis Anfang 1980 zur\u00fcck als ...","og_url":"https:\/\/plasoliva.com\/quienes-somos\/","og_site_name":"Plasoliva | Aceitunas de mesa","article_modified_time":"2019-04-22T11:44:56+00:00","twitter_card":"summary_large_image","twitter_misc":{"Gesch\u00e4tzte Lesezeit":"3\u00a0Minuten"},"schema":{"@context":"https:\/\/schema.org","@graph":[{"@type":"WebPage","@id":"https:\/\/plasoliva.com\/quienes-somos\/","url":"https:\/\/plasoliva.com\/quienes-somos\/","name":"Wer wir sind - Plasoliva | Aceitunas de mesa","isPartOf":{"@id":"https:\/\/plasoliva.com\/#website"},"datePublished":"2017-11-28T13:16:24+00:00","dateModified":"2019-04-22T11:44:56+00:00","breadcrumb":{"@id":"https:\/\/plasoliva.com\/quienes-somos\/#breadcrumb"},"inLanguage":"de","potentialAction":[{"@type":"ReadAction","target":["https:\/\/plasoliva.com\/quienes-somos\/"]}]},{"@type":"BreadcrumbList","@id":"https:\/\/plasoliva.com\/quienes-somos\/#breadcrumb","itemListElement":[{"@type":"ListItem","position":1,"name":"Portada","item":"https:\/\/plasoliva.com\/"},{"@type":"ListItem","position":2,"name":"Wer wir sind"}]},{"@type":"WebSite","@id":"https:\/\/plasoliva.com\/#website","url":"https:\/\/plasoliva.com\/","name":"Plasoliva | Aceitunas de mesa","description":"Envasadora y comercializadora de aceitunas de mesa manzanilla cacere\u00f1a.","potentialAction":[{"@type":"SearchAction","target":{"@type":"EntryPoint","urlTemplate":"https:\/\/plasoliva.com\/?s={search_term_string}"},"query-input":{"@type":"PropertyValueSpecification","valueRequired":true,"valueName":"search_term_string"}}],"inLanguage":"de"}]}},"_links":{"self":[{"href":"https:\/\/plasoliva.com\/de\/wp-json\/wp\/v2\/pages\/1602\/"}],"collection":[{"href":"https:\/\/plasoliva.com\/de\/wp-json\/wp\/v2\/pages\/"}],"about":[{"href":"https:\/\/plasoliva.com\/de\/wp-json\/wp\/v2\/types\/page\/"}],"author":[{"embeddable":true,"href":"https:\/\/plasoliva.com\/de\/wp-json\/wp\/v2\/users\/1\/"}],"replies":[{"embeddable":true,"href":"https:\/\/plasoliva.com\/de\/wp-json\/wp\/v2\/comments\/?post=1602"}],"version-history":[{"count":4,"href":"https:\/\/plasoliva.com\/de\/wp-json\/wp\/v2\/pages\/1602\/revisions\/"}],"predecessor-version":[{"id":1621,"href":"https:\/\/plasoliva.com\/de\/wp-json\/wp\/v2\/pages\/1602\/revisions\/1621\/"}],"wp:attachment":[{"href":"https:\/\/plasoliva.com\/de\/wp-json\/wp\/v2\/media\/?parent=1602"}],"curies":[{"name":"wp","href":"https:\/\/api.w.org\/{rel}","templated":true}]}}