{"id":1572,"date":"2015-02-14T08:59:00","date_gmt":"2015-02-14T08:59:00","guid":{"rendered":"http:\/\/plasoliva.com\/home-extended-2\/"},"modified":"2021-02-27T00:35:15","modified_gmt":"2021-02-26T23:35:15","slug":"home-extended-2","status":"publish","type":"page","link":"https:\/\/plasoliva.com\/de\/","title":{"rendered":"Plasoliva Zur\u00fcck zur vorherigen Seite Tafeloliven"},"content":{"rendered":"<p>[vc_row row_type=Formular: Erfolgsmeldungrow_fullwidth_contentFormular: Erfolgsmeldung margin_top=Formular: Erfolgsmeldung-80Erhalten Sie eine \u00dcbersetzungsanleitung padding_bottom=Formular: Erfolgsmeldung0Erhalten Sie eine \u00dcbersetzungsanleitung class=Formular: Erfolgsmeldungfit-screenFormular: Erfolgsmeldung][vc_column][rev_slider_vc alias=Formular: Erfolgsmeldunghome-deFormular: Erfolgsmeldung][\/vc_column][\/vc_row][vc_row row_type=Formular: Erfolgsmeldungrow_full_center_contentFormular: Erfolgsmeldung bg_color=Formular: Erfolgsmeldung#005032Erhalten Sie eine \u00dcbersetzungsanleitung padding_top=Formular: Erfolgsmeldung20Erhalten Sie eine \u00dcbersetzungsanleitung padding_bottom=Formular: Erfolgsmeldung20Erhalten Sie eine \u00dcbersetzungsanleitung][vc_column width=Formular: Erfolgsmeldung3\/4Erhalten Sie eine \u00dcbersetzungsanleitung el_class=Formular: Erfolgsmeldungmobile-centerFormular: Erfolgsmeldung][vc_column_text]<\/p>\n<h3><span style=\"color: #ffffff;\">Vermarktung von Tafeloliven seit 1989.<\/span><\/h3>\n<p>[\/vc_column_text][\/vc_column][vc_column width=Formular: Erfolgsmeldung1\/4Erhalten Sie eine \u00dcbersetzungsanleitung el_class=Formular: Erfolgsmeldungmobile-centerFormular: Erfolgsmeldung][vc_button title=Formular: ErfolgsmeldungKONTAKTIERENFormular: Erfolgsmeldung color=Formular: ErfolgsmeldungghostFormular: Erfolgsmeldung margin_top=Formular: Erfolgsmeldung0Erhalten Sie eine \u00dcbersetzungsanleitung margin_bottom=Formular: Erfolgsmeldung0Erhalten Sie eine \u00dcbersetzungsanleitung link=Formular: Erfolgsmeldungurl:http%3A%2F%2Fplasoliva.com%2Fcontacto%2F|||Formular: Erfolgsmeldung el_class=Formular: ErfolgsmeldungrightFormular: Erfolgsmeldung target=Formular: ErfolgsmeldungfalseFormular: Erfolgsmeldung][\/vc_column][\/vc_row][vc_row row_type=Formular: Erfolgsmeldungrow_full_center_contentFormular: Erfolgsmeldung padding_top=Formular: Erfolgsmeldung70Erhalten Sie eine \u00dcbersetzungsanleitung padding_bottom=Formular: Erfolgsmeldung50Erhalten Sie eine \u00dcbersetzungsanleitung class=Formular: Erfolgsmeldungmobile-no-margin-top inverted-rowFormular: Erfolgsmeldung][vc_column width=Formular: Erfolgsmeldung2\/3Erhalten Sie eine \u00dcbersetzungsanleitung][vc_single_image image=Formular: Erfolgsmeldung1220Erhalten Sie eine \u00dcbersetzungsanleitung img_size=Formular: ErfolgsmeldunglargeFormular: Erfolgsmeldung][\/vc_column][vc_column width=Formular: Erfolgsmeldung1\/3Erhalten Sie eine \u00dcbersetzungsanleitung][vc_empty_space height=Formular: Erfolgsmeldung42pxFormular: Erfolgsmeldung][vc_column_text]<\/p>\n<h2>TAFELOLIVEN<\/h2>\n<p>Wir verpacken aus den besten Rohstoffen Cacere\u00f1a Oliven von h\u00f6chster Qualit\u00e4t, die von uns sorgf\u00e4ltig ausgew\u00e4hlt und in den bevorzugten Berglagen unserer Produzenten angebaut werden.<\/p>\n<p>Wir haben eine gro\u00dfe Auswahl an Pr\u00e4sentationen (ganze Oliven, entsteint, gef\u00fcllt, geschnitten&#8230;.) und Verpackungsgr\u00f6\u00dfen, damit Sie diejenige ausw\u00e4hlen k\u00f6nnen, die Ihren Bed\u00fcrfnissen am besten entspricht. Lernen Sie sie alle kennen:[\/vc_column_text][vc_button title=Formular: ErfolgsmeldungProdukte anzeigenFormular: Erfolgsmeldung color=Formular: ErfolgsmeldungprimaryFormular: Erfolgsmeldung position=Formular: ErfolgsmeldungcenterFormular: Erfolgsmeldung link=Formular: Erfolgsmeldungurl:http%3A%2F%2Fplasoliva.com%2Fproductos%2F|||Formular: Erfolgsmeldung][\/vc_column][\/vc_row][vc_row row_type=Formular: Erfolgsmeldungrow_full_center_contentFormular: Erfolgsmeldung padding_top=Formular: Erfolgsmeldung60Erhalten Sie eine \u00dcbersetzungsanleitung padding_bottom=Formular: Erfolgsmeldung20Erhalten Sie eine \u00dcbersetzungsanleitung][vc_column]\r\n\t<div class=\"custom-heading wpb_content_element \">\r\n\t\t<h2 class=\"heading-title\" >Verpackung<\/h2>\r\n\t\t<span class=\"heading-line primary\"><\/span>\r\n\t<\/div>[vc_basic_grid post_type=Formular: ErfolgsmeldungportfolioFormular: Erfolgsmeldung max_items=Formular: Erfolgsmeldung24Erhalten Sie eine \u00dcbersetzungsanleitung style=Formular: ErfolgsmeldungpaginationFormular: Erfolgsmeldung items_per_page=Formular: Erfolgsmeldung4Erhalten Sie eine \u00dcbersetzungsanleitung element_width=Formular: Erfolgsmeldung3Erhalten Sie eine \u00dcbersetzungsanleitung item=Formular: Erfolgsmeldung2211Erhalten Sie eine \u00dcbersetzungsanleitung grid_id=Formular: Erfolgsmeldungvc_gid:1614382479582-19d2d804-d4c3-6Erhalten Sie eine \u00dcbersetzungsanleitung][\/vc_column][\/vc_row][vc_row row_type=Formular: Erfolgsmeldungrow_full_center_contentFormular: Erfolgsmeldung bg_image=Formular: Erfolgsmeldung1134Erhalten Sie eine \u00dcbersetzungsanleitung row_parallax=Formular: ErfolgsmeldungfalseFormular: Erfolgsmeldung row_text_color=Formular: Erfolgsmeldungrow_text_lightFormular: Erfolgsmeldung padding_top=Formular: Erfolgsmeldung150Erhalten Sie eine \u00dcbersetzungsanleitung padding_bottom=Formular: Erfolgsmeldung150Erhalten Sie eine \u00dcbersetzungsanleitung][vc_column width=Formular: Erfolgsmeldung2\/3Erhalten Sie eine \u00dcbersetzungsanleitung][vc_column_text]<\/p>\n<h5 class=\"medium-heading-inverted\">Verpackungssortiment<em><br \/>\n<\/em><\/h5>\n<h1 class=\"large-heading-inverted\"><strong>Wir haben eine gro\u00dfe Auswahl an Formaten.<br \/>\n<\/strong><\/h1>\n<p>[\/vc_column_text][vc_button title=Formular: ErfolgsmeldungEntdecken Sie sieFormular: Erfolgsmeldung color=Formular: ErfolgsmeldungghostFormular: Erfolgsmeldung margin_top=Formular: Erfolgsmeldung-20Erhalten Sie eine \u00dcbersetzungsanleitung link=Formular: Erfolgsmeldungurl:http%3A%2F%2Fplasoliva.com%2Fenvases%2F|||Formular: Erfolgsmeldung][\/vc_column][vc_column width=Formular: Erfolgsmeldung1\/3Erhalten Sie eine \u00dcbersetzungsanleitung][\/vc_column][\/vc_row][vc_row row_type=Formular: Erfolgsmeldungrow_full_center_contentFormular: Erfolgsmeldung row_meta_color=Formular: ErfolgsmeldungfalseFormular: Erfolgsmeldung padding_top=Formular: Erfolgsmeldung50Erhalten Sie eine \u00dcbersetzungsanleitung padding_bottom=Formular: Erfolgsmeldung30Erhalten Sie eine \u00dcbersetzungsanleitung][vc_column]\r\n\t<div class=\"custom-heading wpb_content_element \">\r\n\t\t<h2 class=\"heading-title\" >Aktuelle Nachrichten<\/h2>\r\n\t\t<span class=\"heading-line primary\"><\/span>\r\n\t<\/div>\r\n\t<div class=\"child-page-wrapper recent-news-wrapper \">\r\n\t\t\t\t\t<script type=\"text\/javascript\">\r\n\t\t\t\t\t\tjQuery(document).ready(function(){\r\n\t\t\t\t\t\t\t\"use strict\";\r\n\t\t\t\t\t\t\tjQuery(\".recent-news-carousel-69e7389b741e3\").slick({\r\n\t\t\t\t\t\t\t\trtl: false,\r\n\t\t\t\t\t\t\t\tslidesToShow: 3,\r\n\t\t\t\t\t\t\t\tautoplay: false ,\r\n\t\t                        autoplaySpeed: 3000 ,\r\n\t\t                        speed: 300 ,\r\n\t\t\t\t\t\t\t\tslidesToScroll: 1,\r\n\t\t\t\t\t\t\t\tdraggable: false,\r\n\t\t\t\t\t\t\t\tprevArrow: \"<span class='carousel-prev'><i class='fa fa-angle-left'><\/i><\/span>\",\r\n\t\t        \t\t\t\tnextArrow: \"<span class='carousel-next'><i class='fa fa-angle-right'><\/i><\/span>\",\r\n\t\t        \t\t\t\tresponsive: [{\r\n\t\t\t\t\t\t\t\t    breakpoint: 1024,\r\n\t\t\t\t\t\t\t\t    settings: {\r\n\t\t\t\t\t\t\t\t    slidesToShow: 3\r\n\t\t\t\t\t\t\t\t    }\r\n\t\t\t\t\t\t\t\t},\r\n\t\t\t\t\t\t\t\t{\r\n\t\t\t\t\t\t\t\t    breakpoint: 600,\r\n\t\t\t\t\t\t\t\t    settings: {\r\n\t\t\t\t\t\t\t\t    slidesToShow: 2\r\n\t\t\t\t\t\t\t\t    }\r\n\t\t\t\t\t\t\t\t},\r\n\t\t\t\t\t\t\t\t{\r\n\t\t\t\t\t\t\t\t    breakpoint: 480,\r\n\t\t\t\t\t\t\t\t    settings: {\r\n\t\t\t\t\t\t\t\t    slidesToShow: 1\r\n\t\t\t\t\t\t\t\t    }\r\n\t\t\t\t\t\t\t\t}]\r\n\t\t\t\t\t\t\t});\r\n\t\t\t\t\t\t});\r\n\t\t\t\t\t<\/script>\r\n\t\t\t\t<div class=\"grid-wrapper grid-3-columns grid-row recent-news-carousel-69e7389b741e3\">\r\n\t\t\t\t\t<div class=\"grid-item grid-sm-6 grid-md-4\">\r\n\t\t\t\t\t\t<div class=\"grid-thumbnail\">\r\n\t\t\t\t\t\t\t<a href=\"https:\/\/plasoliva.com\/de\/eeuu-suspende-los-aranceles-a-la-aceituna-de-mesa\/\" title=\"EEUU SUSPENDE LOS ARANCELES A LA ACEITUNA DE MESA\"><img loading=\"lazy\" decoding=\"async\" width=\"600\" height=\"300\" src=\"https:\/\/plasoliva.com\/wp-content\/uploads\/2021\/03\/suspension-de-aranceles-1-600x300.jpg\" class=\"attachment-medium-thumb size-medium-thumb wp-post-image\" alt=\"\" srcset=\"https:\/\/plasoliva.com\/wp-content\/uploads\/2021\/03\/suspension-de-aranceles-1-600x300.jpg 600w, https:\/\/plasoliva.com\/wp-content\/uploads\/2021\/03\/suspension-de-aranceles-1-300x150.jpg 300w, https:\/\/plasoliva.com\/wp-content\/uploads\/2021\/03\/suspension-de-aranceles-1-768x384.jpg 768w, https:\/\/plasoliva.com\/wp-content\/uploads\/2021\/03\/suspension-de-aranceles-1-1024x512.jpg 1024w, https:\/\/plasoliva.com\/wp-content\/uploads\/2021\/03\/suspension-de-aranceles-1-400x200.jpg 400w, https:\/\/plasoliva.com\/wp-content\/uploads\/2021\/03\/suspension-de-aranceles-1-800x400.jpg 800w, https:\/\/plasoliva.com\/wp-content\/uploads\/2021\/03\/suspension-de-aranceles-1.jpg 1200w\" sizes=\"(max-width: 600px) 100vw, 600px\" \/><\/a>\r\n\t\t\t\t\t\t<\/div>\r\n\t\t\t\t\t\t<h4 class=\"grid-title\"><a href=\"https:\/\/plasoliva.com\/de\/eeuu-suspende-los-aranceles-a-la-aceituna-de-mesa\/\" rel=\"bookmark\">EEUU SUSPENDE LOS ARANCELES A LA ACEITUNA DE MESA<\/a><\/h4>\r\n\r\n\t\t\t\t\t\t<div class=\"recent-news-meta\">\r\n\t\t\t\t\t\t\t<span class=\"post-date\"><i class=\"fa fa-file-text-o\"><\/i> <time class=\"entry-date published updated\" datetime=\"2021-03-14T13:00:34+02:00\">14 AJAX-Fehler:, 2021<\/time><\/span>\r\n\t\t\t\t\t\t\t<span class=\"comments-link\"><i class=\"fa fa-comments-o\"><\/i> Comments off.<\/span>\r\n\t\t\t\t\t\t<\/div>\r\n\r\n\t\t\t\t\t\t<p>Excelente noticia para el sector agroalimentario y para la aceituna de mesa tras la entrada en vigor este jueves de la suspensi\u00f3n temporal de los aranceles de Estados Unidos.<\/p>\r\n\r\n\t\t\t\t\t\t<a class=\"btn btn-light btn-small\" href=\"https:\/\/plasoliva.com\/de\/eeuu-suspende-los-aranceles-a-la-aceituna-de-mesa\/\" title=\"EEUU SUSPENDE LOS ARANCELES A LA ACEITUNA DE MESA\">LESEN SIE MEHR<\/a>\r\n\r\n\t\t\t\t\t<\/div>\r\n\t\t\t\t\t\r\n\t\t\t\t\t<div class=\"grid-item grid-sm-6 grid-md-4\">\r\n\t\t\t\t\t\t<div class=\"grid-thumbnail\">\r\n\t\t\t\t\t\t\t<a href=\"https:\/\/plasoliva.com\/de\/wir-verbessern-unsere-energieeffizienz-mit-solarenergie\/\" title=\"Wir verbessern unsere Energieeffizienz mit Solarenergie\"><img loading=\"lazy\" decoding=\"async\" width=\"600\" height=\"300\" src=\"https:\/\/plasoliva.com\/wp-content\/uploads\/2020\/06\/WhatsApp-Image-2020-06-17-at-16.09.53444-600x300.jpeg\" class=\"attachment-medium-thumb size-medium-thumb wp-post-image\" alt=\"\" srcset=\"https:\/\/plasoliva.com\/wp-content\/uploads\/2020\/06\/WhatsApp-Image-2020-06-17-at-16.09.53444-600x300.jpeg 600w, https:\/\/plasoliva.com\/wp-content\/uploads\/2020\/06\/WhatsApp-Image-2020-06-17-at-16.09.53444-300x150.jpeg 300w, https:\/\/plasoliva.com\/wp-content\/uploads\/2020\/06\/WhatsApp-Image-2020-06-17-at-16.09.53444-768x384.jpeg 768w, https:\/\/plasoliva.com\/wp-content\/uploads\/2020\/06\/WhatsApp-Image-2020-06-17-at-16.09.53444-1024x512.jpeg 1024w, https:\/\/plasoliva.com\/wp-content\/uploads\/2020\/06\/WhatsApp-Image-2020-06-17-at-16.09.53444-400x200.jpeg 400w, https:\/\/plasoliva.com\/wp-content\/uploads\/2020\/06\/WhatsApp-Image-2020-06-17-at-16.09.53444-800x400.jpeg 800w, https:\/\/plasoliva.com\/wp-content\/uploads\/2020\/06\/WhatsApp-Image-2020-06-17-at-16.09.53444.jpeg 2000w\" sizes=\"(max-width: 600px) 100vw, 600px\" \/><\/a>\r\n\t\t\t\t\t\t<\/div>\r\n\t\t\t\t\t\t<h4 class=\"grid-title\"><a href=\"https:\/\/plasoliva.com\/de\/wir-verbessern-unsere-energieeffizienz-mit-solarenergie\/\" rel=\"bookmark\">Wir verbessern unsere Energieeffizienz mit Solarenergie<\/a><\/h4>\r\n\r\n\t\t\t\t\t\t<div class=\"recent-news-meta\">\r\n\t\t\t\t\t\t\t<span class=\"post-date\"><i class=\"fa fa-file-text-o\"><\/i> <time class=\"entry-date published updated\" datetime=\"2020-06-26T14:05:15+02:00\">26 Akkordeon-Element-Label, 2020<\/time><\/span>\r\n\t\t\t\t\t\t\t<span class=\"comments-link\"><i class=\"fa fa-comments-o\"><\/i> Comments off.<\/span>\r\n\t\t\t\t\t\t<\/div>\r\n\r\n\t\t\t\t\t\t<p>Plasoliva t\u00e4tigt eine wichtige Investition in erneuerbare und nachhaltige Energie, indem es seine Installationen um photovoltaische Platten erweitert.<\/p>\r\n\r\n\t\t\t\t\t\t<a class=\"btn btn-light btn-small\" href=\"https:\/\/plasoliva.com\/de\/wir-verbessern-unsere-energieeffizienz-mit-solarenergie\/\" title=\"Wir verbessern unsere Energieeffizienz mit Solarenergie\">LESEN SIE MEHR<\/a>\r\n\r\n\t\t\t\t\t<\/div>\r\n\t\t\t\t\t\r\n\t\t\t\t<\/div>\r\n\t<\/div>[\/vc_column][\/vc_row][vc_row row_type=Formular: Erfolgsmeldungrow_full_center_contentFormular: Erfolgsmeldung padding_top=Formular: Erfolgsmeldung60Erhalten Sie eine \u00dcbersetzungsanleitung][vc_column]\r\n\t<div class=\"custom-heading wpb_content_element \">\r\n\t\t<h2 class=\"heading-title\" >Qualit\u00e4tszertifikate<\/h2>\r\n\t\t<span class=\"heading-line primary\"><\/span>\r\n\t<\/div>[vc_column_text]<ul class=\"kiwi-logo-carousel kiwi-logo-carousel-certificados default align-center col4\"><li style=\"height:120px;\" ><div class=\"helper\" style=\"height:120px; width:160px;\" ><img decoding=\"async\" src=\"https:\/\/plasoliva.com\/wp-content\/uploads\/2018\/08\/SGS9001.png\" alt=\"SGS 9001\" title=\"SGS 9001\" style=\"max-width:160px; padding-left: 0px; padding-right:0px\" ><\/div><\/li><li style=\"height:120px;\" ><div class=\"helper\" style=\"height:120px; width:160px;\" ><img decoding=\"async\" src=\"https:\/\/plasoliva.com\/wp-content\/uploads\/2018\/08\/SGS14001.png\" alt=\"SGS 14001\" title=\"SGS 14001\" style=\"max-width:160px; padding-left: 0px; padding-right:0px\" ><\/div><\/li><li style=\"height:120px;\" ><div class=\"helper\" style=\"height:120px; width:160px;\" ><img decoding=\"async\" src=\"https:\/\/plasoliva.com\/wp-content\/uploads\/2018\/08\/kosher2.png\" alt=\"Kosher\" title=\"Kosher\" style=\"max-width:160px; padding-left: 0px; padding-right:0px\" ><\/div><\/li><li style=\"height:120px;\" ><div class=\"helper\" style=\"height:120px; width:160px;\" ><img decoding=\"async\" src=\"https:\/\/plasoliva.com\/wp-content\/uploads\/2018\/08\/ghost-r.png\" alt=\"Gost-r\" title=\"Gost-r\" style=\"max-width:160px; padding-left: 0px; padding-right:0px\" ><\/div><\/li><\/ul>[\/vc_column_text][\/vc_column][\/vc_row]<\/p>\n","protected":false},"excerpt":{"rendered":"<p>[vc_row row_type=Formular: Erfolgsmeldungrow_fullwidth_contentFormular: Erfolgsmeldung margin_top=Formular: Erfolgsmeldung-80Erhalten Sie eine \u00dcbersetzungsanleitung padding_bottom=Formular: Erfolgsmeldung0Erhalten Sie eine \u00dcbersetzungsanleitung class=Formular: Erfolgsmeldungfit-screenFormular: Erfolgsmeldung][vc_column][rev_slider_vc alias=Formular: Erfolgsmeldunghome-deFormular: Erfolgsmeldung][\/vc_column][\/vc_row][vc_row row_type=Formular: &#8230;<\/p>\n","protected":false},"author":1,"featured_media":0,"parent":0,"menu_order":0,"comment_status":"open","ping_status":"open","template":"","meta":{"footnotes":""},"class_list":["post-1572","page","type-page","status-publish","hentry"],"yoast_head":"<!-- This site is optimized with the Yoast SEO plugin v24.7 - https:\/\/yoast.com\/wordpress\/plugins\/seo\/ -->\r\n<title>Plasoliva - Tafeloliven - Plasoliva | Aceitunas de mesa<\/title>\r\n<meta name=\"description\" content=\"Wir verpacken aus den besten Rohstoffen Cacere\u00f1a Oliven von h\u00f6chster Qualit\u00e4t, die von uns sorgf\u00e4ltig ausgew\u00e4hlt und in den bevorzugten Berglagen unserer Produzenten angebaut werden.\" \/>\r\n<meta name=\"robots\" content=\"index, follow, max-snippet:-1, max-image-preview:large, max-video-preview:-1\" \/>\r\n<link rel=\"canonical\" href=\"https:\/\/plasoliva.com\/de\/\" \/>\r\n<meta property=\"og:locale\" content=\"de_DE\" \/>\r\n<meta property=\"og:type\" content=\"article\" \/>\r\n<meta property=\"og:title\" content=\"Plasoliva - Tafeloliven - Plasoliva | Aceitunas de mesa\" \/>\r\n<meta property=\"og:description\" content=\"Wir verpacken aus den besten Rohstoffen Cacere\u00f1a Oliven von h\u00f6chster Qualit\u00e4t, die von uns sorgf\u00e4ltig ausgew\u00e4hlt und in den bevorzugten Berglagen unserer Produzenten angebaut werden.\" \/>\r\n<meta property=\"og:url\" content=\"https:\/\/plasoliva.com\/\" \/>\r\n<meta property=\"og:site_name\" content=\"Plasoliva | Aceitunas de mesa\" \/>\r\n<meta property=\"article:modified_time\" content=\"2021-02-26T23:35:15+00:00\" \/>\r\n<meta name=\"twitter:card\" content=\"summary_large_image\" \/>\r\n<meta name=\"twitter:label1\" content=\"Gesch\u00e4tzte Lesezeit\" \/>\n\t<meta name=\"twitter:data1\" content=\"2\u00a0Minuten\" \/>\r\n<script type=\"application\/ld+json\" class=\"yoast-schema-graph\">{\"@context\":\"https:\/\/schema.org\",\"@graph\":[{\"@type\":\"WebPage\",\"@id\":\"https:\/\/plasoliva.com\/\",\"url\":\"https:\/\/plasoliva.com\/\",\"name\":\"Plasoliva - Tafeloliven - Plasoliva | Aceitunas de mesa\",\"isPartOf\":{\"@id\":\"https:\/\/plasoliva.com\/#website\"},\"datePublished\":\"2015-02-14T08:59:00+00:00\",\"dateModified\":\"2021-02-26T23:35:15+00:00\",\"description\":\"Wir verpacken aus den besten Rohstoffen Cacere\u00f1a Oliven von h\u00f6chster Qualit\u00e4t, die von uns sorgf\u00e4ltig ausgew\u00e4hlt und in den bevorzugten Berglagen unserer Produzenten angebaut werden.\",\"breadcrumb\":{\"@id\":\"https:\/\/plasoliva.com\/#breadcrumb\"},\"inLanguage\":\"de\",\"potentialAction\":[{\"@type\":\"ReadAction\",\"target\":[\"https:\/\/plasoliva.com\/\"]}]},{\"@type\":\"BreadcrumbList\",\"@id\":\"https:\/\/plasoliva.com\/#breadcrumb\",\"itemListElement\":[{\"@type\":\"ListItem\",\"position\":1,\"name\":\"Portada\",\"item\":\"https:\/\/plasoliva.com\/\"},{\"@type\":\"ListItem\",\"position\":2,\"name\":\"Plasoliva Ir a la p\u00e1gina anterior Tafeloliven\"}]},{\"@type\":\"WebSite\",\"@id\":\"https:\/\/plasoliva.com\/#website\",\"url\":\"https:\/\/plasoliva.com\/\",\"name\":\"Plasoliva | Aceitunas de mesa\",\"description\":\"Envasadora y comercializadora de aceitunas de mesa manzanilla cacere\u00f1a.\",\"potentialAction\":[{\"@type\":\"SearchAction\",\"target\":{\"@type\":\"EntryPoint\",\"urlTemplate\":\"https:\/\/plasoliva.com\/?s={search_term_string}\"},\"query-input\":{\"@type\":\"PropertyValueSpecification\",\"valueRequired\":true,\"valueName\":\"search_term_string\"}}],\"inLanguage\":\"de\"}]}<\/script>\r\n<!-- \/ Yoast SEO plugin. -->","yoast_head_json":{"title":"Plasoliva - Tafeloliven - Plasoliva | Aceitunas de mesa","description":"Wir verpacken aus den besten Rohstoffen Cacere\u00f1a Oliven von h\u00f6chster Qualit\u00e4t, die von uns sorgf\u00e4ltig ausgew\u00e4hlt und in den bevorzugten Berglagen unserer Produzenten angebaut werden.","robots":{"index":"index","follow":"follow","max-snippet":"max-snippet:-1","max-image-preview":"max-image-preview:large","max-video-preview":"max-video-preview:-1"},"canonical":"https:\/\/plasoliva.com\/de\/","og_locale":"de_DE","og_type":"article","og_title":"Plasoliva - Tafeloliven - Plasoliva | Aceitunas de mesa","og_description":"Wir verpacken aus den besten Rohstoffen Cacere\u00f1a Oliven von h\u00f6chster Qualit\u00e4t, die von uns sorgf\u00e4ltig ausgew\u00e4hlt und in den bevorzugten Berglagen unserer Produzenten angebaut werden.","og_url":"https:\/\/plasoliva.com\/","og_site_name":"Plasoliva | Aceitunas de mesa","article_modified_time":"2021-02-26T23:35:15+00:00","twitter_card":"summary_large_image","twitter_misc":{"Gesch\u00e4tzte Lesezeit":"2\u00a0Minuten"},"schema":{"@context":"https:\/\/schema.org","@graph":[{"@type":"WebPage","@id":"https:\/\/plasoliva.com\/","url":"https:\/\/plasoliva.com\/","name":"Plasoliva - Tafeloliven - Plasoliva | Aceitunas de mesa","isPartOf":{"@id":"https:\/\/plasoliva.com\/#website"},"datePublished":"2015-02-14T08:59:00+00:00","dateModified":"2021-02-26T23:35:15+00:00","description":"Wir verpacken aus den besten Rohstoffen Cacere\u00f1a Oliven von h\u00f6chster Qualit\u00e4t, die von uns sorgf\u00e4ltig ausgew\u00e4hlt und in den bevorzugten Berglagen unserer Produzenten angebaut werden.","breadcrumb":{"@id":"https:\/\/plasoliva.com\/#breadcrumb"},"inLanguage":"de","potentialAction":[{"@type":"ReadAction","target":["https:\/\/plasoliva.com\/"]}]},{"@type":"BreadcrumbList","@id":"https:\/\/plasoliva.com\/#breadcrumb","itemListElement":[{"@type":"ListItem","position":1,"name":"Portada","item":"https:\/\/plasoliva.com\/"},{"@type":"ListItem","position":2,"name":"Plasoliva Ir a la p\u00e1gina anterior Tafeloliven"}]},{"@type":"WebSite","@id":"https:\/\/plasoliva.com\/#website","url":"https:\/\/plasoliva.com\/","name":"Plasoliva | Aceitunas de mesa","description":"Envasadora y comercializadora de aceitunas de mesa manzanilla cacere\u00f1a.","potentialAction":[{"@type":"SearchAction","target":{"@type":"EntryPoint","urlTemplate":"https:\/\/plasoliva.com\/?s={search_term_string}"},"query-input":{"@type":"PropertyValueSpecification","valueRequired":true,"valueName":"search_term_string"}}],"inLanguage":"de"}]}},"_links":{"self":[{"href":"https:\/\/plasoliva.com\/de\/wp-json\/wp\/v2\/pages\/1572\/"}],"collection":[{"href":"https:\/\/plasoliva.com\/de\/wp-json\/wp\/v2\/pages\/"}],"about":[{"href":"https:\/\/plasoliva.com\/de\/wp-json\/wp\/v2\/types\/page\/"}],"author":[{"embeddable":true,"href":"https:\/\/plasoliva.com\/de\/wp-json\/wp\/v2\/users\/1\/"}],"replies":[{"embeddable":true,"href":"https:\/\/plasoliva.com\/de\/wp-json\/wp\/v2\/comments\/?post=1572"}],"version-history":[{"count":6,"href":"https:\/\/plasoliva.com\/de\/wp-json\/wp\/v2\/pages\/1572\/revisions\/"}],"predecessor-version":[{"id":2212,"href":"https:\/\/plasoliva.com\/de\/wp-json\/wp\/v2\/pages\/1572\/revisions\/2212\/"}],"wp:attachment":[{"href":"https:\/\/plasoliva.com\/de\/wp-json\/wp\/v2\/media\/?parent=1572"}],"curies":[{"name":"wp","href":"https:\/\/api.w.org\/{rel}","templated":true}]}}